{"id":25,"date":"2016-03-24T22:49:19","date_gmt":"2016-03-24T22:49:19","guid":{"rendered":"http:\/\/mob.mk\/al\/?page_id=25"},"modified":"2021-02-09T10:56:58","modified_gmt":"2021-02-09T10:56:58","slug":"solistet","status":"publish","type":"page","link":"https:\/\/operabalet.mk\/al\/solistet\/","title":{"rendered":"SOLIST\u00cbT"},"content":{"rendered":"<p><img loading=\"lazy\" decoding=\"async\" class=\"wp-image-378 aligncenter\" src=\"https:\/\/operabalet.mk\/al\/wp-content\/uploads\/sites\/3\/2016\/03\/alBlack.png\" alt=\"alBlack\" width=\"180\" height=\"99\" srcset=\"https:\/\/operabalet.mk\/al\/wp-content\/uploads\/sites\/3\/2016\/03\/alBlack.png 1270w, https:\/\/operabalet.mk\/al\/wp-content\/uploads\/sites\/3\/2016\/03\/alBlack-300x165.png 300w, https:\/\/operabalet.mk\/al\/wp-content\/uploads\/sites\/3\/2016\/03\/alBlack-768x421.png 768w, https:\/\/operabalet.mk\/al\/wp-content\/uploads\/sites\/3\/2016\/03\/alBlack-1024x562.png 1024w, https:\/\/operabalet.mk\/al\/wp-content\/uploads\/sites\/3\/2016\/03\/alBlack-600x329.png 600w\" sizes=\"(max-width: 180px) 100vw, 180px\" \/><\/p>\n<p style=\"text-align: center;\">\n<p style=\"text-align: center;\"><strong>SOPRANI:<\/strong><br \/>\nVesna Gjinovska Ilkova &#8211; soliste e par\u00eb e oper\u00ebs<br \/>\nAna Durlovski &#8211; soliste e par\u00eb e oper\u00ebs<br \/>\nBlagica Pop Tomova &#8211; soliste e par\u00eb e oper\u00ebs<br \/>\nSandra Mitrovska &#8211; soliste e par\u00eb e oper\u00ebs<br \/>\nPavlina Novakova &#8211; Georgiev &#8211; soliste e spikatur e oper\u00ebs<br \/>\nDesira Ameti &#8211; Krliu &#8211; soliste e spikatur e oper\u00ebs<br \/>\nNada Talevska &#8211; Spasovska &#8211; soliste e spikatur e oper\u00ebs<br \/>\nKaterina Stojanovska &#8211; soliste e spikatur e oper\u00ebs<br \/>\nElena Golomeova &#8211; soliste e spikatur e oper\u00ebs<br \/>\nAleksandra Lazarevska &#8211; Vasilevski &#8211; soliste e oper\u00ebs me role t\u00eb mesme<br \/>\nAna Rojdeva Talevska &#8211; soliste e oper\u00ebs me role t\u00eb mesme<br \/>\nZlata Tosevska &#8211; soliste e oper\u00ebs me role t\u00eb mesme<br \/>\nBiljana Josifov &#8211; soliste e oper\u00ebs me role t\u00eb mesme<br \/>\nDesanka Gligorijevic &#8211; soliste e oper\u00ebs me role episodike<\/p>\n<p style=\"text-align: center;\"><strong>MEKOSOPRANI:<\/strong><br \/>\nIrena Kavkalevska &#8211; soliste e par\u00eb e oper\u00ebs<br \/>\nNikollina Janevska &#8211; soliste e spikatur e oper\u00ebs<br \/>\nMarika Popovi- &#8211; soliste e oper\u00ebs me role t\u00eb mesme<br \/>\nSonja Pendovska Madevska &#8211; soliste e oper\u00ebs me role episodike<\/p>\n<p style=\"text-align: center;\"><strong>TENORI:<\/strong><br \/>\nBlagoj Nacoski &#8211; solist i par\u00eb i oper\u00ebs<br \/>\nGjorgji Cuckovski &#8211; solist i par\u00eb i oper\u00ebs<br \/>\nCvetan Stojanovski &#8211; solist i par\u00eb i oper\u00ebs<br \/>\nZoran Sotirov &#8211; solist i spikatur i oper\u00ebs<br \/>\nMarjan Nikolovski &#8211; solist i oper\u00ebs me role t\u00eb mesme<br \/>\nDejan Stoev &#8211; solist i oper\u00ebs me role t\u00eb mesme<br \/>\nZoran Daskalovski &#8211; solist i oper\u00ebs me role episodike<\/p>\n<p style=\"text-align: center;\"><strong>BARITONI:<\/strong><br \/>\nBoris Trajanov &#8211; solist i par\u00eb i oper\u00ebs<br \/>\nRiste Velkov &#8211; solist i par\u00eb i oper\u00ebs<br \/>\nMarjan Jovanoski &#8211; solist i par\u00eb i oper\u00ebs<br \/>\nNeven Siljanovski &#8211; solist i oper\u00ebs me role episodike<br \/>\nDragan Ampov &#8211; solist i oper\u00ebs me role episodike<\/p>\n<p style=\"text-align: center;\"><strong>BASS:<\/strong><br \/>\nIgor Durlovski &#8211; solist i par\u00eb i oper\u00ebs<br \/>\nVladimir Sazdovski &#8211; solist i spikatur i oper\u00ebs<br \/>\nAleksandar Stefanovski &#8211; solist i spikatur i oper\u00ebs<\/p>\n","protected":false},"excerpt":{"rendered":"<p>SOPRANI: Vesna Gjinovska Ilkova &#8211; soliste e par\u00eb e oper\u00ebs Ana Durlovski &#8211; soliste e par\u00eb e oper\u00ebs Blagica Pop Tomova &#8211; soliste e par\u00eb e oper\u00ebs Sandra Mitrovska &#8211; soliste e par\u00eb e oper\u00ebs Pavlina Novakova &#8211; Georgiev &#8211; soliste e spikatur e oper\u00ebs Desira Ameti &#8211; Krliu &#8211; soliste e spikatur e oper\u00ebs [&hellip;]<\/p>\n","protected":false},"author":1,"featured_media":0,"parent":0,"menu_order":0,"comment_status":"closed","ping_status":"closed","template":"","meta":{"footnotes":""},"yoast_head":"<!-- This site is optimized with the Yoast SEO plugin v24.0 - https:\/\/yoast.com\/wordpress\/plugins\/seo\/ -->\n<title>SOLIST\u00cbT - Opera dhe Baleti Nacional<\/title>\n<meta name=\"robots\" content=\"index, follow, max-snippet:-1, max-image-preview:large, max-video-preview:-1\" \/>\n<link rel=\"canonical\" href=\"https:\/\/operabalet.mk\/al\/solistet\/\" \/>\n<meta property=\"og:locale\" content=\"en_GB\" \/>\n<meta property=\"og:type\" content=\"article\" \/>\n<meta property=\"og:title\" content=\"SOLIST\u00cbT - Opera dhe Baleti Nacional\" \/>\n<meta property=\"og:description\" content=\"SOPRANI: Vesna Gjinovska Ilkova &#8211; soliste e par\u00eb e oper\u00ebs Ana Durlovski &#8211; soliste e par\u00eb e oper\u00ebs Blagica Pop Tomova &#8211; soliste e par\u00eb e oper\u00ebs Sandra Mitrovska &#8211; soliste e par\u00eb e oper\u00ebs Pavlina Novakova &#8211; Georgiev &#8211; soliste e spikatur e oper\u00ebs Desira Ameti &#8211; Krliu &#8211; soliste e spikatur e oper\u00ebs [&hellip;]\" \/>\n<meta property=\"og:url\" content=\"https:\/\/operabalet.mk\/al\/solistet\/\" \/>\n<meta property=\"og:site_name\" content=\"Opera dhe Baleti Nacional\" \/>\n<meta property=\"article:publisher\" content=\"https:\/\/www.facebook.com\/NacionalnaOperaiBalet\" \/>\n<meta property=\"article:modified_time\" content=\"2021-02-09T10:56:58+00:00\" \/>\n<meta property=\"og:image\" content=\"https:\/\/operabalet.mk\/al\/wp-content\/uploads\/sites\/3\/2016\/03\/alBlack.png\" \/>\n<meta name=\"twitter:card\" content=\"summary_large_image\" \/>\n<meta name=\"twitter:site\" content=\"@MakOperaiBalet\" \/>\n<meta name=\"twitter:label1\" content=\"Est. reading time\" \/>\n\t<meta name=\"twitter:data1\" content=\"2 minutes\" \/>\n<script type=\"application\/ld+json\" class=\"yoast-schema-graph\">{\"@context\":\"https:\/\/schema.org\",\"@graph\":[{\"@type\":\"WebPage\",\"@id\":\"https:\/\/operabalet.mk\/al\/solistet\/\",\"url\":\"https:\/\/operabalet.mk\/al\/solistet\/\",\"name\":\"SOLIST\u00cbT - Opera dhe Baleti Nacional\",\"isPartOf\":{\"@id\":\"https:\/\/operabalet.mk\/al\/#website\"},\"primaryImageOfPage\":{\"@id\":\"https:\/\/operabalet.mk\/al\/solistet\/#primaryimage\"},\"image\":{\"@id\":\"https:\/\/operabalet.mk\/al\/solistet\/#primaryimage\"},\"thumbnailUrl\":\"https:\/\/operabalet.mk\/al\/wp-content\/uploads\/sites\/3\/2016\/03\/alBlack.png\",\"datePublished\":\"2016-03-24T22:49:19+00:00\",\"dateModified\":\"2021-02-09T10:56:58+00:00\",\"breadcrumb\":{\"@id\":\"https:\/\/operabalet.mk\/al\/solistet\/#breadcrumb\"},\"inLanguage\":\"en-GB\",\"potentialAction\":[{\"@type\":\"ReadAction\",\"target\":[\"https:\/\/operabalet.mk\/al\/solistet\/\"]}]},{\"@type\":\"ImageObject\",\"inLanguage\":\"en-GB\",\"@id\":\"https:\/\/operabalet.mk\/al\/solistet\/#primaryimage\",\"url\":\"https:\/\/operabalet.mk\/al\/wp-content\/uploads\/sites\/3\/2016\/03\/alBlack.png\",\"contentUrl\":\"https:\/\/operabalet.mk\/al\/wp-content\/uploads\/sites\/3\/2016\/03\/alBlack.png\",\"width\":1270,\"height\":697},{\"@type\":\"BreadcrumbList\",\"@id\":\"https:\/\/operabalet.mk\/al\/solistet\/#breadcrumb\",\"itemListElement\":[{\"@type\":\"ListItem\",\"position\":1,\"name\":\"Home\",\"item\":\"https:\/\/operabalet.mk\/al\/\"},{\"@type\":\"ListItem\",\"position\":2,\"name\":\"SOLIST\u00cbT\"}]},{\"@type\":\"WebSite\",\"@id\":\"https:\/\/operabalet.mk\/al\/#website\",\"url\":\"https:\/\/operabalet.mk\/al\/\",\"name\":\"Opera dhe Baleti Nacional\",\"description\":\"\",\"publisher\":{\"@id\":\"https:\/\/operabalet.mk\/al\/#organization\"},\"potentialAction\":[{\"@type\":\"SearchAction\",\"target\":{\"@type\":\"EntryPoint\",\"urlTemplate\":\"https:\/\/operabalet.mk\/al\/?s={search_term_string}\"},\"query-input\":{\"@type\":\"PropertyValueSpecification\",\"valueRequired\":true,\"valueName\":\"search_term_string\"}}],\"inLanguage\":\"en-GB\"},{\"@type\":\"Organization\",\"@id\":\"https:\/\/operabalet.mk\/al\/#organization\",\"name\":\"Opera dhe Baleti Nacional\",\"url\":\"https:\/\/operabalet.mk\/al\/\",\"logo\":{\"@type\":\"ImageObject\",\"inLanguage\":\"en-GB\",\"@id\":\"https:\/\/operabalet.mk\/al\/#\/schema\/logo\/image\/\",\"url\":\"https:\/\/operabalet.mk\/al\/wp-content\/uploads\/sites\/3\/2016\/03\/alBlack.png\",\"contentUrl\":\"https:\/\/operabalet.mk\/al\/wp-content\/uploads\/sites\/3\/2016\/03\/alBlack.png\",\"width\":1270,\"height\":697,\"caption\":\"Opera dhe Baleti Nacional\"},\"image\":{\"@id\":\"https:\/\/operabalet.mk\/al\/#\/schema\/logo\/image\/\"},\"sameAs\":[\"https:\/\/www.facebook.com\/NacionalnaOperaiBalet\",\"https:\/\/x.com\/MakOperaiBalet\"]}]}<\/script>\n<!-- \/ Yoast SEO plugin. -->","yoast_head_json":{"title":"SOLIST\u00cbT - Opera dhe Baleti Nacional","robots":{"index":"index","follow":"follow","max-snippet":"max-snippet:-1","max-image-preview":"max-image-preview:large","max-video-preview":"max-video-preview:-1"},"canonical":"https:\/\/operabalet.mk\/al\/solistet\/","og_locale":"en_GB","og_type":"article","og_title":"SOLIST\u00cbT - Opera dhe Baleti Nacional","og_description":"SOPRANI: Vesna Gjinovska Ilkova &#8211; soliste e par\u00eb e oper\u00ebs Ana Durlovski &#8211; soliste e par\u00eb e oper\u00ebs Blagica Pop Tomova &#8211; soliste e par\u00eb e oper\u00ebs Sandra Mitrovska &#8211; soliste e par\u00eb e oper\u00ebs Pavlina Novakova &#8211; Georgiev &#8211; soliste e spikatur e oper\u00ebs Desira Ameti &#8211; Krliu &#8211; soliste e spikatur e oper\u00ebs [&hellip;]","og_url":"https:\/\/operabalet.mk\/al\/solistet\/","og_site_name":"Opera dhe Baleti Nacional","article_publisher":"https:\/\/www.facebook.com\/NacionalnaOperaiBalet","article_modified_time":"2021-02-09T10:56:58+00:00","og_image":[{"url":"https:\/\/operabalet.mk\/al\/wp-content\/uploads\/sites\/3\/2016\/03\/alBlack.png","type":"","width":"","height":""}],"twitter_card":"summary_large_image","twitter_site":"@MakOperaiBalet","twitter_misc":{"Est. reading time":"2 minutes"},"schema":{"@context":"https:\/\/schema.org","@graph":[{"@type":"WebPage","@id":"https:\/\/operabalet.mk\/al\/solistet\/","url":"https:\/\/operabalet.mk\/al\/solistet\/","name":"SOLIST\u00cbT - Opera dhe Baleti Nacional","isPartOf":{"@id":"https:\/\/operabalet.mk\/al\/#website"},"primaryImageOfPage":{"@id":"https:\/\/operabalet.mk\/al\/solistet\/#primaryimage"},"image":{"@id":"https:\/\/operabalet.mk\/al\/solistet\/#primaryimage"},"thumbnailUrl":"https:\/\/operabalet.mk\/al\/wp-content\/uploads\/sites\/3\/2016\/03\/alBlack.png","datePublished":"2016-03-24T22:49:19+00:00","dateModified":"2021-02-09T10:56:58+00:00","breadcrumb":{"@id":"https:\/\/operabalet.mk\/al\/solistet\/#breadcrumb"},"inLanguage":"en-GB","potentialAction":[{"@type":"ReadAction","target":["https:\/\/operabalet.mk\/al\/solistet\/"]}]},{"@type":"ImageObject","inLanguage":"en-GB","@id":"https:\/\/operabalet.mk\/al\/solistet\/#primaryimage","url":"https:\/\/operabalet.mk\/al\/wp-content\/uploads\/sites\/3\/2016\/03\/alBlack.png","contentUrl":"https:\/\/operabalet.mk\/al\/wp-content\/uploads\/sites\/3\/2016\/03\/alBlack.png","width":1270,"height":697},{"@type":"BreadcrumbList","@id":"https:\/\/operabalet.mk\/al\/solistet\/#breadcrumb","itemListElement":[{"@type":"ListItem","position":1,"name":"Home","item":"https:\/\/operabalet.mk\/al\/"},{"@type":"ListItem","position":2,"name":"SOLIST\u00cbT"}]},{"@type":"WebSite","@id":"https:\/\/operabalet.mk\/al\/#website","url":"https:\/\/operabalet.mk\/al\/","name":"Opera dhe Baleti Nacional","description":"","publisher":{"@id":"https:\/\/operabalet.mk\/al\/#organization"},"potentialAction":[{"@type":"SearchAction","target":{"@type":"EntryPoint","urlTemplate":"https:\/\/operabalet.mk\/al\/?s={search_term_string}"},"query-input":{"@type":"PropertyValueSpecification","valueRequired":true,"valueName":"search_term_string"}}],"inLanguage":"en-GB"},{"@type":"Organization","@id":"https:\/\/operabalet.mk\/al\/#organization","name":"Opera dhe Baleti Nacional","url":"https:\/\/operabalet.mk\/al\/","logo":{"@type":"ImageObject","inLanguage":"en-GB","@id":"https:\/\/operabalet.mk\/al\/#\/schema\/logo\/image\/","url":"https:\/\/operabalet.mk\/al\/wp-content\/uploads\/sites\/3\/2016\/03\/alBlack.png","contentUrl":"https:\/\/operabalet.mk\/al\/wp-content\/uploads\/sites\/3\/2016\/03\/alBlack.png","width":1270,"height":697,"caption":"Opera dhe Baleti Nacional"},"image":{"@id":"https:\/\/operabalet.mk\/al\/#\/schema\/logo\/image\/"},"sameAs":["https:\/\/www.facebook.com\/NacionalnaOperaiBalet","https:\/\/x.com\/MakOperaiBalet"]}]}},"_links":{"self":[{"href":"https:\/\/operabalet.mk\/al\/wp-json\/wp\/v2\/pages\/25"}],"collection":[{"href":"https:\/\/operabalet.mk\/al\/wp-json\/wp\/v2\/pages"}],"about":[{"href":"https:\/\/operabalet.mk\/al\/wp-json\/wp\/v2\/types\/page"}],"author":[{"embeddable":true,"href":"https:\/\/operabalet.mk\/al\/wp-json\/wp\/v2\/users\/1"}],"replies":[{"embeddable":true,"href":"https:\/\/operabalet.mk\/al\/wp-json\/wp\/v2\/comments?post=25"}],"version-history":[{"count":6,"href":"https:\/\/operabalet.mk\/al\/wp-json\/wp\/v2\/pages\/25\/revisions"}],"predecessor-version":[{"id":391,"href":"https:\/\/operabalet.mk\/al\/wp-json\/wp\/v2\/pages\/25\/revisions\/391"}],"wp:attachment":[{"href":"https:\/\/operabalet.mk\/al\/wp-json\/wp\/v2\/media?parent=25"}],"curies":[{"name":"wp","href":"https:\/\/api.w.org\/{rel}","templated":true}]}}