{"id":33,"date":"2016-03-24T22:50:59","date_gmt":"2016-03-24T22:50:59","guid":{"rendered":"http:\/\/mob.mk\/al\/?page_id=33"},"modified":"2021-02-01T11:31:29","modified_gmt":"2021-02-01T11:31:29","slug":"balet","status":"publish","type":"page","link":"https:\/\/operabalet.mk\/al\/balet\/","title":{"rendered":"BALET"},"content":{"rendered":"<p>Fillimet e baletit maqedonas p\u00ebrputhen me fillimet e veprimtaris\u00eb s\u00eb Oper\u00ebs n\u00eb Teatrin Popullor Maqedonas, e cila \u00ebsht\u00eb organizuar m\u00eb 9 majt\u00eb vitit 1947. P\u00ebr nevojat e k\u00ebtij ansambli u formua nj\u00eb grup q\u00eb kishte p\u00ebr detyr\u00eb t\u00eb paraqitet n\u00eb repertorin e oper\u00ebs, duke i interpretuar pjes\u00ebt e baletit.<\/p>\n<p>P\u00ebrgjegj\u00ebsin\u00eb p\u00ebr organizimin ansamblit dhe veprimtarin\u00eb pedagogjike, repertorin dhe koreografike e mori Georgi Makedonski. Edukimin e tij n\u00eb aktivitetin skenik ai e realizoi n\u00eb Beograd, kurse me vendim t\u00eb drejtorit t\u00eb Teatrit Popullor Maqedonas, Kole \u00c7ashule, m\u00eb 1 korrik, 1948, Makedonski do t\u00eb caktohet t\u00eb punoj\u00eb n\u00eb Oper\u00eb, p\u00ebr ta formuar ansamblin e baletit.<\/p>\n<p>&nbsp;<\/p>\n<p>Ansambli i ri, i p\u00ebrb\u00ebra nga edukator\u00ebt e Sht\u00ebpis\u00eb s\u00eb pionier\u00ebve \u201cKarposh\u201d, n\u00eb sken\u00ebn e TPM, p\u00ebr her\u00eb t\u00eb par\u00eb paraqitet m\u00eb 27 janar, 1949, n\u00eb fragmentin e baletit \u201dNata e Valpurgirit\u201d nga opera Fausti i Sh.Guno. Nevoja p\u00ebr kuad\u00ebr t\u00eb edukuar dhe p\u00ebr t\u00eb qen\u00eb t\u00eb gatsh\u00ebm n\u00eb realizimin e shfaqjeve t\u00eb para t\u00eb baletit, imponuan nevoj\u00ebn p\u00ebr zyrtarizmin e institucionit t\u00eb specializuar edukativ. Me dekret t\u00eb K\u00ebshillit p\u00ebr arsim t\u00eb Republik\u00ebs Popullore t\u00eb Maqedonis\u00eb, n\u00eb vitin shkollor 1948\/49, studioja e baletit shnd\u00ebrrohet n\u00eb shkoll\u00eb t\u00eb ult\u00eb t\u00eb baletit, ne t\u00eb cil\u00ebn m\u00ebsimin do ta zhvillojn\u00eb Georgi Makedonski, Analize Asman dhe Rela Vizner. Nj\u00ebkoh\u00ebsisht, me aft\u00ebsimin e gjenerat\u00ebs s\u00eb par\u00eb t\u00eb artist\u00ebve t\u00eb baletit zhvillohet edhe aktiviteti skenik, q\u00eb rezultoi me p\u00ebrgatitjet t\u00eb shfaqjes s\u00eb par\u00eb t\u00eb baletit, e cila premier\u00ebn e p\u00ebrjetoi n\u00eb 30 dhjetor t\u00eb vitit 1949. B\u00ebhet fjal\u00eb p\u00ebr baletin n\u00eb kat\u00ebr akte \u201cFontana e kopshtit\u201d, sipas muzik\u00ebs s\u00eb B.Asafjev, n\u00eb koreografi t\u00eb Georgi Makedonski.<\/p>\n<p>Ky fakt, q\u00eb nga fillesa, paralajm\u00ebroi realizimin dhe triumfin t\u00eb ides\u00eb t\u00eb vendosjes s\u00eb themeleve t\u00eb forta, mbi t\u00eb cilat do t\u00eb nd\u00ebrtohet nj\u00eb ansamb\u00ebl i plot\u00eb i baletit, i aft\u00eb p\u00ebr ta paraqitur t\u00ebr\u00eb repertorin e njohur t\u00eb koh\u00ebs. Kjo form\u00eb edhe sot e k\u00ebsaj dite \u00ebsht\u00eb prezent dhe vepron si Balet komb\u00ebtar pran\u00eb Institucionit komb\u00ebtar, Opera dhe Baleti Komb\u00ebtar.<\/p>\n","protected":false},"excerpt":{"rendered":"<p>Fillimet e baletit maqedonas p\u00ebrputhen me fillimet e veprimtaris\u00eb s\u00eb Oper\u00ebs n\u00eb Teatrin Popullor Maqedonas, e cila \u00ebsht\u00eb organizuar m\u00eb 9 majt\u00eb vitit 1947. P\u00ebr nevojat e k\u00ebtij ansambli u formua nj\u00eb grup q\u00eb kishte p\u00ebr detyr\u00eb t\u00eb paraqitet n\u00eb repertorin e oper\u00ebs, duke i interpretuar pjes\u00ebt e baletit. P\u00ebrgjegj\u00ebsin\u00eb p\u00ebr organizimin ansamblit dhe veprimtarin\u00eb [&hellip;]<\/p>\n","protected":false},"author":1,"featured_media":0,"parent":0,"menu_order":0,"comment_status":"closed","ping_status":"closed","template":"","meta":{"footnotes":""},"yoast_head":"<!-- This site is optimized with the Yoast SEO plugin v24.0 - https:\/\/yoast.com\/wordpress\/plugins\/seo\/ -->\n<title>BALET - Opera dhe Baleti Nacional<\/title>\n<meta name=\"robots\" content=\"index, follow, max-snippet:-1, max-image-preview:large, max-video-preview:-1\" \/>\n<link rel=\"canonical\" href=\"https:\/\/operabalet.mk\/al\/balet\/\" \/>\n<meta property=\"og:locale\" content=\"en_GB\" \/>\n<meta property=\"og:type\" content=\"article\" \/>\n<meta property=\"og:title\" content=\"BALET - Opera dhe Baleti Nacional\" \/>\n<meta property=\"og:description\" content=\"Fillimet e baletit maqedonas p\u00ebrputhen me fillimet e veprimtaris\u00eb s\u00eb Oper\u00ebs n\u00eb Teatrin Popullor Maqedonas, e cila \u00ebsht\u00eb organizuar m\u00eb 9 majt\u00eb vitit 1947. P\u00ebr nevojat e k\u00ebtij ansambli u formua nj\u00eb grup q\u00eb kishte p\u00ebr detyr\u00eb t\u00eb paraqitet n\u00eb repertorin e oper\u00ebs, duke i interpretuar pjes\u00ebt e baletit. P\u00ebrgjegj\u00ebsin\u00eb p\u00ebr organizimin ansamblit dhe veprimtarin\u00eb [&hellip;]\" \/>\n<meta property=\"og:url\" content=\"https:\/\/operabalet.mk\/al\/balet\/\" \/>\n<meta property=\"og:site_name\" content=\"Opera dhe Baleti Nacional\" \/>\n<meta property=\"article:publisher\" content=\"https:\/\/www.facebook.com\/NacionalnaOperaiBalet\" \/>\n<meta property=\"article:modified_time\" content=\"2021-02-01T11:31:29+00:00\" \/>\n<meta name=\"twitter:card\" content=\"summary_large_image\" \/>\n<meta name=\"twitter:site\" content=\"@MakOperaiBalet\" \/>\n<meta name=\"twitter:label1\" content=\"Est. reading time\" \/>\n\t<meta name=\"twitter:data1\" content=\"2 minutes\" \/>\n<script type=\"application\/ld+json\" class=\"yoast-schema-graph\">{\"@context\":\"https:\/\/schema.org\",\"@graph\":[{\"@type\":\"WebPage\",\"@id\":\"https:\/\/operabalet.mk\/al\/balet\/\",\"url\":\"https:\/\/operabalet.mk\/al\/balet\/\",\"name\":\"BALET - Opera dhe Baleti Nacional\",\"isPartOf\":{\"@id\":\"https:\/\/operabalet.mk\/al\/#website\"},\"datePublished\":\"2016-03-24T22:50:59+00:00\",\"dateModified\":\"2021-02-01T11:31:29+00:00\",\"breadcrumb\":{\"@id\":\"https:\/\/operabalet.mk\/al\/balet\/#breadcrumb\"},\"inLanguage\":\"en-GB\",\"potentialAction\":[{\"@type\":\"ReadAction\",\"target\":[\"https:\/\/operabalet.mk\/al\/balet\/\"]}]},{\"@type\":\"BreadcrumbList\",\"@id\":\"https:\/\/operabalet.mk\/al\/balet\/#breadcrumb\",\"itemListElement\":[{\"@type\":\"ListItem\",\"position\":1,\"name\":\"Home\",\"item\":\"https:\/\/operabalet.mk\/al\/\"},{\"@type\":\"ListItem\",\"position\":2,\"name\":\"BALET\"}]},{\"@type\":\"WebSite\",\"@id\":\"https:\/\/operabalet.mk\/al\/#website\",\"url\":\"https:\/\/operabalet.mk\/al\/\",\"name\":\"Opera dhe Baleti Nacional\",\"description\":\"\",\"publisher\":{\"@id\":\"https:\/\/operabalet.mk\/al\/#organization\"},\"potentialAction\":[{\"@type\":\"SearchAction\",\"target\":{\"@type\":\"EntryPoint\",\"urlTemplate\":\"https:\/\/operabalet.mk\/al\/?s={search_term_string}\"},\"query-input\":{\"@type\":\"PropertyValueSpecification\",\"valueRequired\":true,\"valueName\":\"search_term_string\"}}],\"inLanguage\":\"en-GB\"},{\"@type\":\"Organization\",\"@id\":\"https:\/\/operabalet.mk\/al\/#organization\",\"name\":\"Opera dhe Baleti Nacional\",\"url\":\"https:\/\/operabalet.mk\/al\/\",\"logo\":{\"@type\":\"ImageObject\",\"inLanguage\":\"en-GB\",\"@id\":\"https:\/\/operabalet.mk\/al\/#\/schema\/logo\/image\/\",\"url\":\"https:\/\/operabalet.mk\/al\/wp-content\/uploads\/sites\/3\/2016\/03\/alBlack.png\",\"contentUrl\":\"https:\/\/operabalet.mk\/al\/wp-content\/uploads\/sites\/3\/2016\/03\/alBlack.png\",\"width\":1270,\"height\":697,\"caption\":\"Opera dhe Baleti Nacional\"},\"image\":{\"@id\":\"https:\/\/operabalet.mk\/al\/#\/schema\/logo\/image\/\"},\"sameAs\":[\"https:\/\/www.facebook.com\/NacionalnaOperaiBalet\",\"https:\/\/x.com\/MakOperaiBalet\"]}]}<\/script>\n<!-- \/ Yoast SEO plugin. -->","yoast_head_json":{"title":"BALET - Opera dhe Baleti Nacional","robots":{"index":"index","follow":"follow","max-snippet":"max-snippet:-1","max-image-preview":"max-image-preview:large","max-video-preview":"max-video-preview:-1"},"canonical":"https:\/\/operabalet.mk\/al\/balet\/","og_locale":"en_GB","og_type":"article","og_title":"BALET - Opera dhe Baleti Nacional","og_description":"Fillimet e baletit maqedonas p\u00ebrputhen me fillimet e veprimtaris\u00eb s\u00eb Oper\u00ebs n\u00eb Teatrin Popullor Maqedonas, e cila \u00ebsht\u00eb organizuar m\u00eb 9 majt\u00eb vitit 1947. P\u00ebr nevojat e k\u00ebtij ansambli u formua nj\u00eb grup q\u00eb kishte p\u00ebr detyr\u00eb t\u00eb paraqitet n\u00eb repertorin e oper\u00ebs, duke i interpretuar pjes\u00ebt e baletit. P\u00ebrgjegj\u00ebsin\u00eb p\u00ebr organizimin ansamblit dhe veprimtarin\u00eb [&hellip;]","og_url":"https:\/\/operabalet.mk\/al\/balet\/","og_site_name":"Opera dhe Baleti Nacional","article_publisher":"https:\/\/www.facebook.com\/NacionalnaOperaiBalet","article_modified_time":"2021-02-01T11:31:29+00:00","twitter_card":"summary_large_image","twitter_site":"@MakOperaiBalet","twitter_misc":{"Est. reading time":"2 minutes"},"schema":{"@context":"https:\/\/schema.org","@graph":[{"@type":"WebPage","@id":"https:\/\/operabalet.mk\/al\/balet\/","url":"https:\/\/operabalet.mk\/al\/balet\/","name":"BALET - Opera dhe Baleti Nacional","isPartOf":{"@id":"https:\/\/operabalet.mk\/al\/#website"},"datePublished":"2016-03-24T22:50:59+00:00","dateModified":"2021-02-01T11:31:29+00:00","breadcrumb":{"@id":"https:\/\/operabalet.mk\/al\/balet\/#breadcrumb"},"inLanguage":"en-GB","potentialAction":[{"@type":"ReadAction","target":["https:\/\/operabalet.mk\/al\/balet\/"]}]},{"@type":"BreadcrumbList","@id":"https:\/\/operabalet.mk\/al\/balet\/#breadcrumb","itemListElement":[{"@type":"ListItem","position":1,"name":"Home","item":"https:\/\/operabalet.mk\/al\/"},{"@type":"ListItem","position":2,"name":"BALET"}]},{"@type":"WebSite","@id":"https:\/\/operabalet.mk\/al\/#website","url":"https:\/\/operabalet.mk\/al\/","name":"Opera dhe Baleti Nacional","description":"","publisher":{"@id":"https:\/\/operabalet.mk\/al\/#organization"},"potentialAction":[{"@type":"SearchAction","target":{"@type":"EntryPoint","urlTemplate":"https:\/\/operabalet.mk\/al\/?s={search_term_string}"},"query-input":{"@type":"PropertyValueSpecification","valueRequired":true,"valueName":"search_term_string"}}],"inLanguage":"en-GB"},{"@type":"Organization","@id":"https:\/\/operabalet.mk\/al\/#organization","name":"Opera dhe Baleti Nacional","url":"https:\/\/operabalet.mk\/al\/","logo":{"@type":"ImageObject","inLanguage":"en-GB","@id":"https:\/\/operabalet.mk\/al\/#\/schema\/logo\/image\/","url":"https:\/\/operabalet.mk\/al\/wp-content\/uploads\/sites\/3\/2016\/03\/alBlack.png","contentUrl":"https:\/\/operabalet.mk\/al\/wp-content\/uploads\/sites\/3\/2016\/03\/alBlack.png","width":1270,"height":697,"caption":"Opera dhe Baleti Nacional"},"image":{"@id":"https:\/\/operabalet.mk\/al\/#\/schema\/logo\/image\/"},"sameAs":["https:\/\/www.facebook.com\/NacionalnaOperaiBalet","https:\/\/x.com\/MakOperaiBalet"]}]}},"_links":{"self":[{"href":"https:\/\/operabalet.mk\/al\/wp-json\/wp\/v2\/pages\/33"}],"collection":[{"href":"https:\/\/operabalet.mk\/al\/wp-json\/wp\/v2\/pages"}],"about":[{"href":"https:\/\/operabalet.mk\/al\/wp-json\/wp\/v2\/types\/page"}],"author":[{"embeddable":true,"href":"https:\/\/operabalet.mk\/al\/wp-json\/wp\/v2\/users\/1"}],"replies":[{"embeddable":true,"href":"https:\/\/operabalet.mk\/al\/wp-json\/wp\/v2\/comments?post=33"}],"version-history":[{"count":2,"href":"https:\/\/operabalet.mk\/al\/wp-json\/wp\/v2\/pages\/33\/revisions"}],"predecessor-version":[{"id":358,"href":"https:\/\/operabalet.mk\/al\/wp-json\/wp\/v2\/pages\/33\/revisions\/358"}],"wp:attachment":[{"href":"https:\/\/operabalet.mk\/al\/wp-json\/wp\/v2\/media?parent=33"}],"curies":[{"name":"wp","href":"https:\/\/api.w.org\/{rel}","templated":true}]}}