{"id":35,"date":"2016-03-24T22:51:13","date_gmt":"2016-03-24T22:51:13","guid":{"rendered":"http:\/\/mob.mk\/al\/?page_id=35"},"modified":"2021-02-01T11:55:53","modified_gmt":"2021-02-01T11:55:53","slug":"ansambli","status":"publish","type":"page","link":"https:\/\/operabalet.mk\/al\/ansambli\/","title":{"rendered":"ANSAMBLI"},"content":{"rendered":"<p style=\"text-align: center;\">Solemniteti i mbajtur m\u00eb 27 janar, 1949, n\u00eb praktik\u00eb, por edhe n\u00eb veprim e p\u00ebrmbylli form\u00ebsimin artistike organizativ t\u00eb Teatrit t\u00eb at\u00ebhersh\u00ebm Popullor Maqedonas, si sken\u00eb komb\u00ebtare e teatrit, oper\u00ebs dhe baletit. Kjo form\u00eb \u00ebsht\u00eb prezent edhe sot e k\u00ebsaj dite dhe vepron si Baleti komb\u00ebtar pran\u00eb Institucionit komb\u00ebtar, Opera dhe Baleti Maqedonas.<\/p>\n<p style=\"text-align: center;\"><strong>ANSAMBLI<\/strong><\/p>\n<p style=\"text-align: center;\">Darko Balevski<br \/>\nMilica Talevska<br \/>\nViktor Karave<br \/>\nAleksandar Petkovski<br \/>\nNatasha Nikollova Risitq<br \/>\nDijana Stojanovska<br \/>\nSllavica Misheva<br \/>\nIrena Makelarska<br \/>\nIvana Paneva<br \/>\nMarija |Gligorova<br \/>\nCvetanka Maksimovska<br \/>\nAleksandra Gjoreska<br \/>\nStefanija Kuzmanovska<br \/>\nAgim Baftii<br \/>\nSimona Vasilevska<br \/>\nMaja Kostovska<br \/>\nMirosllav Mitrashinoviq<br \/>\nMartin Sazdovski<br \/>\nAngela Velevska<br \/>\nBistra Delinikollova<br \/>\nNikita Dim\u00e7veska<br \/>\nGabriela Pavllovska<br \/>\nKristijan Jangos<br \/>\nBorjan Tetiev<br \/>\nBrankiva Jovevska<br \/>\nHristina Naqevska<br \/>\nMilla Ninovska<br \/>\nSimona Mitovska<br \/>\nBojana Hristovska<br \/>\nAngella Bogatinovska<br \/>\nIlijana Danillova<br \/>\nMarko Arsov<\/p>\n","protected":false},"excerpt":{"rendered":"<p>Solemniteti i mbajtur m\u00eb 27 janar, 1949, n\u00eb praktik\u00eb, por edhe n\u00eb veprim e p\u00ebrmbylli form\u00ebsimin artistike organizativ t\u00eb Teatrit t\u00eb at\u00ebhersh\u00ebm Popullor Maqedonas, si sken\u00eb komb\u00ebtare e teatrit, oper\u00ebs dhe baletit. Kjo form\u00eb \u00ebsht\u00eb prezent edhe sot e k\u00ebsaj dite dhe vepron si Baleti komb\u00ebtar pran\u00eb Institucionit komb\u00ebtar, Opera dhe Baleti Maqedonas. ANSAMBLI Darko [&hellip;]<\/p>\n","protected":false},"author":1,"featured_media":0,"parent":0,"menu_order":0,"comment_status":"closed","ping_status":"closed","template":"","meta":{"footnotes":""},"yoast_head":"<!-- This site is optimized with the Yoast SEO plugin v24.0 - https:\/\/yoast.com\/wordpress\/plugins\/seo\/ -->\n<title>ANSAMBLI - Opera dhe Baleti Nacional<\/title>\n<meta name=\"robots\" content=\"index, follow, max-snippet:-1, max-image-preview:large, max-video-preview:-1\" \/>\n<link rel=\"canonical\" href=\"https:\/\/operabalet.mk\/al\/ansambli\/\" \/>\n<meta property=\"og:locale\" content=\"en_GB\" \/>\n<meta property=\"og:type\" content=\"article\" \/>\n<meta property=\"og:title\" content=\"ANSAMBLI - Opera dhe Baleti Nacional\" \/>\n<meta property=\"og:description\" content=\"Solemniteti i mbajtur m\u00eb 27 janar, 1949, n\u00eb praktik\u00eb, por edhe n\u00eb veprim e p\u00ebrmbylli form\u00ebsimin artistike organizativ t\u00eb Teatrit t\u00eb at\u00ebhersh\u00ebm Popullor Maqedonas, si sken\u00eb komb\u00ebtare e teatrit, oper\u00ebs dhe baletit. Kjo form\u00eb \u00ebsht\u00eb prezent edhe sot e k\u00ebsaj dite dhe vepron si Baleti komb\u00ebtar pran\u00eb Institucionit komb\u00ebtar, Opera dhe Baleti Maqedonas. ANSAMBLI Darko [&hellip;]\" \/>\n<meta property=\"og:url\" content=\"https:\/\/operabalet.mk\/al\/ansambli\/\" \/>\n<meta property=\"og:site_name\" content=\"Opera dhe Baleti Nacional\" \/>\n<meta property=\"article:publisher\" content=\"https:\/\/www.facebook.com\/NacionalnaOperaiBalet\" \/>\n<meta property=\"article:modified_time\" content=\"2021-02-01T11:55:53+00:00\" \/>\n<meta name=\"twitter:card\" content=\"summary_large_image\" \/>\n<meta name=\"twitter:site\" content=\"@MakOperaiBalet\" \/>\n<meta name=\"twitter:label1\" content=\"Est. reading time\" \/>\n\t<meta name=\"twitter:data1\" content=\"1 minute\" \/>\n<script type=\"application\/ld+json\" class=\"yoast-schema-graph\">{\"@context\":\"https:\/\/schema.org\",\"@graph\":[{\"@type\":\"WebPage\",\"@id\":\"https:\/\/operabalet.mk\/al\/ansambli\/\",\"url\":\"https:\/\/operabalet.mk\/al\/ansambli\/\",\"name\":\"ANSAMBLI - Opera dhe Baleti Nacional\",\"isPartOf\":{\"@id\":\"https:\/\/operabalet.mk\/al\/#website\"},\"datePublished\":\"2016-03-24T22:51:13+00:00\",\"dateModified\":\"2021-02-01T11:55:53+00:00\",\"breadcrumb\":{\"@id\":\"https:\/\/operabalet.mk\/al\/ansambli\/#breadcrumb\"},\"inLanguage\":\"en-GB\",\"potentialAction\":[{\"@type\":\"ReadAction\",\"target\":[\"https:\/\/operabalet.mk\/al\/ansambli\/\"]}]},{\"@type\":\"BreadcrumbList\",\"@id\":\"https:\/\/operabalet.mk\/al\/ansambli\/#breadcrumb\",\"itemListElement\":[{\"@type\":\"ListItem\",\"position\":1,\"name\":\"Home\",\"item\":\"https:\/\/operabalet.mk\/al\/\"},{\"@type\":\"ListItem\",\"position\":2,\"name\":\"ANSAMBLI\"}]},{\"@type\":\"WebSite\",\"@id\":\"https:\/\/operabalet.mk\/al\/#website\",\"url\":\"https:\/\/operabalet.mk\/al\/\",\"name\":\"Opera dhe Baleti Nacional\",\"description\":\"\",\"publisher\":{\"@id\":\"https:\/\/operabalet.mk\/al\/#organization\"},\"potentialAction\":[{\"@type\":\"SearchAction\",\"target\":{\"@type\":\"EntryPoint\",\"urlTemplate\":\"https:\/\/operabalet.mk\/al\/?s={search_term_string}\"},\"query-input\":{\"@type\":\"PropertyValueSpecification\",\"valueRequired\":true,\"valueName\":\"search_term_string\"}}],\"inLanguage\":\"en-GB\"},{\"@type\":\"Organization\",\"@id\":\"https:\/\/operabalet.mk\/al\/#organization\",\"name\":\"Opera dhe Baleti Nacional\",\"url\":\"https:\/\/operabalet.mk\/al\/\",\"logo\":{\"@type\":\"ImageObject\",\"inLanguage\":\"en-GB\",\"@id\":\"https:\/\/operabalet.mk\/al\/#\/schema\/logo\/image\/\",\"url\":\"https:\/\/operabalet.mk\/al\/wp-content\/uploads\/sites\/3\/2016\/03\/alBlack.png\",\"contentUrl\":\"https:\/\/operabalet.mk\/al\/wp-content\/uploads\/sites\/3\/2016\/03\/alBlack.png\",\"width\":1270,\"height\":697,\"caption\":\"Opera dhe Baleti Nacional\"},\"image\":{\"@id\":\"https:\/\/operabalet.mk\/al\/#\/schema\/logo\/image\/\"},\"sameAs\":[\"https:\/\/www.facebook.com\/NacionalnaOperaiBalet\",\"https:\/\/x.com\/MakOperaiBalet\"]}]}<\/script>\n<!-- \/ Yoast SEO plugin. -->","yoast_head_json":{"title":"ANSAMBLI - Opera dhe Baleti Nacional","robots":{"index":"index","follow":"follow","max-snippet":"max-snippet:-1","max-image-preview":"max-image-preview:large","max-video-preview":"max-video-preview:-1"},"canonical":"https:\/\/operabalet.mk\/al\/ansambli\/","og_locale":"en_GB","og_type":"article","og_title":"ANSAMBLI - Opera dhe Baleti Nacional","og_description":"Solemniteti i mbajtur m\u00eb 27 janar, 1949, n\u00eb praktik\u00eb, por edhe n\u00eb veprim e p\u00ebrmbylli form\u00ebsimin artistike organizativ t\u00eb Teatrit t\u00eb at\u00ebhersh\u00ebm Popullor Maqedonas, si sken\u00eb komb\u00ebtare e teatrit, oper\u00ebs dhe baletit. Kjo form\u00eb \u00ebsht\u00eb prezent edhe sot e k\u00ebsaj dite dhe vepron si Baleti komb\u00ebtar pran\u00eb Institucionit komb\u00ebtar, Opera dhe Baleti Maqedonas. ANSAMBLI Darko [&hellip;]","og_url":"https:\/\/operabalet.mk\/al\/ansambli\/","og_site_name":"Opera dhe Baleti Nacional","article_publisher":"https:\/\/www.facebook.com\/NacionalnaOperaiBalet","article_modified_time":"2021-02-01T11:55:53+00:00","twitter_card":"summary_large_image","twitter_site":"@MakOperaiBalet","twitter_misc":{"Est. reading time":"1 minute"},"schema":{"@context":"https:\/\/schema.org","@graph":[{"@type":"WebPage","@id":"https:\/\/operabalet.mk\/al\/ansambli\/","url":"https:\/\/operabalet.mk\/al\/ansambli\/","name":"ANSAMBLI - Opera dhe Baleti Nacional","isPartOf":{"@id":"https:\/\/operabalet.mk\/al\/#website"},"datePublished":"2016-03-24T22:51:13+00:00","dateModified":"2021-02-01T11:55:53+00:00","breadcrumb":{"@id":"https:\/\/operabalet.mk\/al\/ansambli\/#breadcrumb"},"inLanguage":"en-GB","potentialAction":[{"@type":"ReadAction","target":["https:\/\/operabalet.mk\/al\/ansambli\/"]}]},{"@type":"BreadcrumbList","@id":"https:\/\/operabalet.mk\/al\/ansambli\/#breadcrumb","itemListElement":[{"@type":"ListItem","position":1,"name":"Home","item":"https:\/\/operabalet.mk\/al\/"},{"@type":"ListItem","position":2,"name":"ANSAMBLI"}]},{"@type":"WebSite","@id":"https:\/\/operabalet.mk\/al\/#website","url":"https:\/\/operabalet.mk\/al\/","name":"Opera dhe Baleti Nacional","description":"","publisher":{"@id":"https:\/\/operabalet.mk\/al\/#organization"},"potentialAction":[{"@type":"SearchAction","target":{"@type":"EntryPoint","urlTemplate":"https:\/\/operabalet.mk\/al\/?s={search_term_string}"},"query-input":{"@type":"PropertyValueSpecification","valueRequired":true,"valueName":"search_term_string"}}],"inLanguage":"en-GB"},{"@type":"Organization","@id":"https:\/\/operabalet.mk\/al\/#organization","name":"Opera dhe Baleti Nacional","url":"https:\/\/operabalet.mk\/al\/","logo":{"@type":"ImageObject","inLanguage":"en-GB","@id":"https:\/\/operabalet.mk\/al\/#\/schema\/logo\/image\/","url":"https:\/\/operabalet.mk\/al\/wp-content\/uploads\/sites\/3\/2016\/03\/alBlack.png","contentUrl":"https:\/\/operabalet.mk\/al\/wp-content\/uploads\/sites\/3\/2016\/03\/alBlack.png","width":1270,"height":697,"caption":"Opera dhe Baleti Nacional"},"image":{"@id":"https:\/\/operabalet.mk\/al\/#\/schema\/logo\/image\/"},"sameAs":["https:\/\/www.facebook.com\/NacionalnaOperaiBalet","https:\/\/x.com\/MakOperaiBalet"]}]}},"_links":{"self":[{"href":"https:\/\/operabalet.mk\/al\/wp-json\/wp\/v2\/pages\/35"}],"collection":[{"href":"https:\/\/operabalet.mk\/al\/wp-json\/wp\/v2\/pages"}],"about":[{"href":"https:\/\/operabalet.mk\/al\/wp-json\/wp\/v2\/types\/page"}],"author":[{"embeddable":true,"href":"https:\/\/operabalet.mk\/al\/wp-json\/wp\/v2\/users\/1"}],"replies":[{"embeddable":true,"href":"https:\/\/operabalet.mk\/al\/wp-json\/wp\/v2\/comments?post=35"}],"version-history":[{"count":6,"href":"https:\/\/operabalet.mk\/al\/wp-json\/wp\/v2\/pages\/35\/revisions"}],"predecessor-version":[{"id":370,"href":"https:\/\/operabalet.mk\/al\/wp-json\/wp\/v2\/pages\/35\/revisions\/370"}],"wp:attachment":[{"href":"https:\/\/operabalet.mk\/al\/wp-json\/wp\/v2\/media?parent=35"}],"curies":[{"name":"wp","href":"https:\/\/api.w.org\/{rel}","templated":true}]}}