{"id":39,"date":"2016-03-24T22:52:35","date_gmt":"2016-03-24T22:52:35","guid":{"rendered":"http:\/\/mob.mk\/al\/?page_id=39"},"modified":"2021-02-01T12:06:30","modified_gmt":"2021-02-01T12:06:30","slug":"informacione","status":"publish","type":"page","link":"https:\/\/operabalet.mk\/al\/informacione\/","title":{"rendered":"INFORMACIONE"},"content":{"rendered":"<p style=\"text-align: center;\"><strong>LISTA E INFORMATAVE ME KARAKTER PUBLIK<\/strong><\/p>\n<p style=\"text-align: center;\">Emri i institucionit: Republika e Maqedonis\u00eb s\u00eb Veriut \u2013 Institucioni komb\u00ebtar<br \/>\nOpera dhe baleti Komb\u00ebtar Shkup<\/p>\n<p style=\"text-align: center;\">Veprimtaria dhe shifra: \u201cart interpretues\u201d, me shif\u00ebr 90.01.<\/p>\n<p style=\"text-align: center;\">Adresa: Bul. Goce Dell\u00e7ev, nr. 4, Shkup<\/p>\n<p style=\"text-align: center;\">Telefonat kontaktues: qendra 3114-511, drejtoria 3114 908, faks 3211 442<\/p>\n<p style=\"text-align: center;\">Web: www. operabalet.mk<\/p>\n<p style=\"text-align: center;\">Personi zyrtar p\u00ebr nd\u00ebrmjet\u00ebsim t\u00eb informatave n\u00eb pajtim me Ligjin p\u00ebr qasje t\u00eb lir\u00eb deri te informatat me karakter publik: Ofelija Xhorleva<\/p>\n<p style=\"text-align: center;\">Kontakt telefoni: 3227 370, 3114 5211 lokal 106<\/p>\n<p style=\"text-align: center;\">e-mail: pravna@operabalet.mk<\/p>\n<p style=\"text-align: center;\">Informatat me t\u00eb cilat disponon Opera dhe baleti Komb\u00ebtar, jan\u00eb k\u00ebto:<br \/>\n1. Programi p\u00ebr pun\u00eb<br \/>\n2. Raporti p\u00ebr pun\u00eb<br \/>\n3. Informacione p\u00ebr bashk\u00ebpunim nd\u00ebrkomb\u00ebtar<br \/>\n4. Statuti i IK OBK<br \/>\n5. Rregullorja p\u00ebr organizim t\u00eb brendsh\u00ebm<br \/>\n6. Rregullorja p\u00ebr sistematizim<br \/>\n7. Prokurim publik<\/p>\n","protected":false},"excerpt":{"rendered":"<p>LISTA E INFORMATAVE ME KARAKTER PUBLIK Emri i institucionit: Republika e Maqedonis\u00eb s\u00eb Veriut \u2013 Institucioni komb\u00ebtar Opera dhe baleti Komb\u00ebtar Shkup Veprimtaria dhe shifra: \u201cart interpretues\u201d, me shif\u00ebr 90.01. Adresa: Bul. Goce Dell\u00e7ev, nr. 4, Shkup Telefonat kontaktues: qendra 3114-511, drejtoria 3114 908, faks 3211 442 Web: www. operabalet.mk Personi zyrtar p\u00ebr nd\u00ebrmjet\u00ebsim t\u00eb [&hellip;]<\/p>\n","protected":false},"author":1,"featured_media":0,"parent":0,"menu_order":0,"comment_status":"closed","ping_status":"closed","template":"","meta":{"footnotes":""},"yoast_head":"<!-- This site is optimized with the Yoast SEO plugin v24.0 - https:\/\/yoast.com\/wordpress\/plugins\/seo\/ -->\n<title>INFORMACIONE - Opera dhe Baleti Nacional<\/title>\n<meta name=\"robots\" content=\"index, follow, max-snippet:-1, max-image-preview:large, max-video-preview:-1\" \/>\n<link rel=\"canonical\" href=\"https:\/\/operabalet.mk\/al\/informacione\/\" \/>\n<meta property=\"og:locale\" content=\"en_GB\" \/>\n<meta property=\"og:type\" content=\"article\" \/>\n<meta property=\"og:title\" content=\"INFORMACIONE - Opera dhe Baleti Nacional\" \/>\n<meta property=\"og:description\" content=\"LISTA E INFORMATAVE ME KARAKTER PUBLIK Emri i institucionit: Republika e Maqedonis\u00eb s\u00eb Veriut \u2013 Institucioni komb\u00ebtar Opera dhe baleti Komb\u00ebtar Shkup Veprimtaria dhe shifra: \u201cart interpretues\u201d, me shif\u00ebr 90.01. Adresa: Bul. Goce Dell\u00e7ev, nr. 4, Shkup Telefonat kontaktues: qendra 3114-511, drejtoria 3114 908, faks 3211 442 Web: www. operabalet.mk Personi zyrtar p\u00ebr nd\u00ebrmjet\u00ebsim t\u00eb [&hellip;]\" \/>\n<meta property=\"og:url\" content=\"https:\/\/operabalet.mk\/al\/informacione\/\" \/>\n<meta property=\"og:site_name\" content=\"Opera dhe Baleti Nacional\" \/>\n<meta property=\"article:publisher\" content=\"https:\/\/www.facebook.com\/NacionalnaOperaiBalet\" \/>\n<meta property=\"article:modified_time\" content=\"2021-02-01T12:06:30+00:00\" \/>\n<meta name=\"twitter:card\" content=\"summary_large_image\" \/>\n<meta name=\"twitter:site\" content=\"@MakOperaiBalet\" \/>\n<meta name=\"twitter:label1\" content=\"Est. reading time\" \/>\n\t<meta name=\"twitter:data1\" content=\"1 minute\" \/>\n<script type=\"application\/ld+json\" class=\"yoast-schema-graph\">{\"@context\":\"https:\/\/schema.org\",\"@graph\":[{\"@type\":\"WebPage\",\"@id\":\"https:\/\/operabalet.mk\/al\/informacione\/\",\"url\":\"https:\/\/operabalet.mk\/al\/informacione\/\",\"name\":\"INFORMACIONE - Opera dhe Baleti Nacional\",\"isPartOf\":{\"@id\":\"https:\/\/operabalet.mk\/al\/#website\"},\"datePublished\":\"2016-03-24T22:52:35+00:00\",\"dateModified\":\"2021-02-01T12:06:30+00:00\",\"breadcrumb\":{\"@id\":\"https:\/\/operabalet.mk\/al\/informacione\/#breadcrumb\"},\"inLanguage\":\"en-GB\",\"potentialAction\":[{\"@type\":\"ReadAction\",\"target\":[\"https:\/\/operabalet.mk\/al\/informacione\/\"]}]},{\"@type\":\"BreadcrumbList\",\"@id\":\"https:\/\/operabalet.mk\/al\/informacione\/#breadcrumb\",\"itemListElement\":[{\"@type\":\"ListItem\",\"position\":1,\"name\":\"Home\",\"item\":\"https:\/\/operabalet.mk\/al\/\"},{\"@type\":\"ListItem\",\"position\":2,\"name\":\"INFORMACIONE\"}]},{\"@type\":\"WebSite\",\"@id\":\"https:\/\/operabalet.mk\/al\/#website\",\"url\":\"https:\/\/operabalet.mk\/al\/\",\"name\":\"Opera dhe Baleti Nacional\",\"description\":\"\",\"publisher\":{\"@id\":\"https:\/\/operabalet.mk\/al\/#organization\"},\"potentialAction\":[{\"@type\":\"SearchAction\",\"target\":{\"@type\":\"EntryPoint\",\"urlTemplate\":\"https:\/\/operabalet.mk\/al\/?s={search_term_string}\"},\"query-input\":{\"@type\":\"PropertyValueSpecification\",\"valueRequired\":true,\"valueName\":\"search_term_string\"}}],\"inLanguage\":\"en-GB\"},{\"@type\":\"Organization\",\"@id\":\"https:\/\/operabalet.mk\/al\/#organization\",\"name\":\"Opera dhe Baleti Nacional\",\"url\":\"https:\/\/operabalet.mk\/al\/\",\"logo\":{\"@type\":\"ImageObject\",\"inLanguage\":\"en-GB\",\"@id\":\"https:\/\/operabalet.mk\/al\/#\/schema\/logo\/image\/\",\"url\":\"https:\/\/operabalet.mk\/al\/wp-content\/uploads\/sites\/3\/2016\/03\/alBlack.png\",\"contentUrl\":\"https:\/\/operabalet.mk\/al\/wp-content\/uploads\/sites\/3\/2016\/03\/alBlack.png\",\"width\":1270,\"height\":697,\"caption\":\"Opera dhe Baleti Nacional\"},\"image\":{\"@id\":\"https:\/\/operabalet.mk\/al\/#\/schema\/logo\/image\/\"},\"sameAs\":[\"https:\/\/www.facebook.com\/NacionalnaOperaiBalet\",\"https:\/\/x.com\/MakOperaiBalet\"]}]}<\/script>\n<!-- \/ Yoast SEO plugin. -->","yoast_head_json":{"title":"INFORMACIONE - Opera dhe Baleti Nacional","robots":{"index":"index","follow":"follow","max-snippet":"max-snippet:-1","max-image-preview":"max-image-preview:large","max-video-preview":"max-video-preview:-1"},"canonical":"https:\/\/operabalet.mk\/al\/informacione\/","og_locale":"en_GB","og_type":"article","og_title":"INFORMACIONE - Opera dhe Baleti Nacional","og_description":"LISTA E INFORMATAVE ME KARAKTER PUBLIK Emri i institucionit: Republika e Maqedonis\u00eb s\u00eb Veriut \u2013 Institucioni komb\u00ebtar Opera dhe baleti Komb\u00ebtar Shkup Veprimtaria dhe shifra: \u201cart interpretues\u201d, me shif\u00ebr 90.01. Adresa: Bul. Goce Dell\u00e7ev, nr. 4, Shkup Telefonat kontaktues: qendra 3114-511, drejtoria 3114 908, faks 3211 442 Web: www. operabalet.mk Personi zyrtar p\u00ebr nd\u00ebrmjet\u00ebsim t\u00eb [&hellip;]","og_url":"https:\/\/operabalet.mk\/al\/informacione\/","og_site_name":"Opera dhe Baleti Nacional","article_publisher":"https:\/\/www.facebook.com\/NacionalnaOperaiBalet","article_modified_time":"2021-02-01T12:06:30+00:00","twitter_card":"summary_large_image","twitter_site":"@MakOperaiBalet","twitter_misc":{"Est. reading time":"1 minute"},"schema":{"@context":"https:\/\/schema.org","@graph":[{"@type":"WebPage","@id":"https:\/\/operabalet.mk\/al\/informacione\/","url":"https:\/\/operabalet.mk\/al\/informacione\/","name":"INFORMACIONE - Opera dhe Baleti Nacional","isPartOf":{"@id":"https:\/\/operabalet.mk\/al\/#website"},"datePublished":"2016-03-24T22:52:35+00:00","dateModified":"2021-02-01T12:06:30+00:00","breadcrumb":{"@id":"https:\/\/operabalet.mk\/al\/informacione\/#breadcrumb"},"inLanguage":"en-GB","potentialAction":[{"@type":"ReadAction","target":["https:\/\/operabalet.mk\/al\/informacione\/"]}]},{"@type":"BreadcrumbList","@id":"https:\/\/operabalet.mk\/al\/informacione\/#breadcrumb","itemListElement":[{"@type":"ListItem","position":1,"name":"Home","item":"https:\/\/operabalet.mk\/al\/"},{"@type":"ListItem","position":2,"name":"INFORMACIONE"}]},{"@type":"WebSite","@id":"https:\/\/operabalet.mk\/al\/#website","url":"https:\/\/operabalet.mk\/al\/","name":"Opera dhe Baleti Nacional","description":"","publisher":{"@id":"https:\/\/operabalet.mk\/al\/#organization"},"potentialAction":[{"@type":"SearchAction","target":{"@type":"EntryPoint","urlTemplate":"https:\/\/operabalet.mk\/al\/?s={search_term_string}"},"query-input":{"@type":"PropertyValueSpecification","valueRequired":true,"valueName":"search_term_string"}}],"inLanguage":"en-GB"},{"@type":"Organization","@id":"https:\/\/operabalet.mk\/al\/#organization","name":"Opera dhe Baleti Nacional","url":"https:\/\/operabalet.mk\/al\/","logo":{"@type":"ImageObject","inLanguage":"en-GB","@id":"https:\/\/operabalet.mk\/al\/#\/schema\/logo\/image\/","url":"https:\/\/operabalet.mk\/al\/wp-content\/uploads\/sites\/3\/2016\/03\/alBlack.png","contentUrl":"https:\/\/operabalet.mk\/al\/wp-content\/uploads\/sites\/3\/2016\/03\/alBlack.png","width":1270,"height":697,"caption":"Opera dhe Baleti Nacional"},"image":{"@id":"https:\/\/operabalet.mk\/al\/#\/schema\/logo\/image\/"},"sameAs":["https:\/\/www.facebook.com\/NacionalnaOperaiBalet","https:\/\/x.com\/MakOperaiBalet"]}]}},"_links":{"self":[{"href":"https:\/\/operabalet.mk\/al\/wp-json\/wp\/v2\/pages\/39"}],"collection":[{"href":"https:\/\/operabalet.mk\/al\/wp-json\/wp\/v2\/pages"}],"about":[{"href":"https:\/\/operabalet.mk\/al\/wp-json\/wp\/v2\/types\/page"}],"author":[{"embeddable":true,"href":"https:\/\/operabalet.mk\/al\/wp-json\/wp\/v2\/users\/1"}],"replies":[{"embeddable":true,"href":"https:\/\/operabalet.mk\/al\/wp-json\/wp\/v2\/comments?post=39"}],"version-history":[{"count":2,"href":"https:\/\/operabalet.mk\/al\/wp-json\/wp\/v2\/pages\/39\/revisions"}],"predecessor-version":[{"id":371,"href":"https:\/\/operabalet.mk\/al\/wp-json\/wp\/v2\/pages\/39\/revisions\/371"}],"wp:attachment":[{"href":"https:\/\/operabalet.mk\/al\/wp-json\/wp\/v2\/media?parent=39"}],"curies":[{"name":"wp","href":"https:\/\/api.w.org\/{rel}","templated":true}]}}