{"id":43,"date":"2016-03-24T22:53:21","date_gmt":"2016-03-24T22:53:21","guid":{"rendered":"http:\/\/mob.mk\/al\/?page_id=43"},"modified":"2021-02-01T12:20:25","modified_gmt":"2021-02-01T12:20:25","slug":"sherbime","status":"publish","type":"page","link":"https:\/\/operabalet.mk\/al\/sherbime\/","title":{"rendered":"SH\u00cbRBIME"},"content":{"rendered":"<p><strong>P\u00cbRKRAHJA KORPORATAVE: MUND\u00cbSI P\u00cbR SPONSORIZIM<\/strong><\/p>\n<p>Opera dhe Baleti Komb\u00ebtare ofron nj\u00eb program t\u00eb gjer\u00eb p\u00ebr sponsor\u00ebt korporativ, duke p\u00ebrfshir\u00eb sponsorizim p\u00ebr t\u00ebr\u00eb sezonin, sponsorizim afatshkurt\u00ebr p\u00ebr festivale ose produksione individuale. Jan\u00eb t\u00eb hapura mund\u00ebsi t\u00eb ndryshme p\u00ebrmes niveleve t\u00eb ndryshme t\u00eb sponsorizimit. T\u00eb pun\u00ebsuarit n\u00eb k\u00ebt\u00eb institucion me k\u00ebnaq\u00ebsia do t\u00eb punojn\u00eb me Ju p\u00ebr ta p\u00ebrshtatur sponsorizimin Tuaj n\u00eb paketa, natyrisht sipas nevoja specifike tuaja p\u00ebr t\u00eb qen\u00eb sponsor, si sponsor i p\u00ebrgjithsh\u00ebm apo sponsor ekskluziv.<\/p>\n<p><strong>Sezoni rrjedh\u00ebs<\/strong><\/p>\n<p>Sezoni rrjedh\u00ebs i Oper\u00ebs dhe Baletit Komb\u00ebtar \u00ebsht\u00eb nj\u00eb nga gur\u00ebt e themelit t\u00eb programit t\u00eb ofruar nga kjo sht\u00ebpi. Sponsorizimet mund\u00ebsojn\u00eb ND\u00cbRLIDHJE me seri impresionuese t\u00eb hiteve t\u00eb ndryshme muzikore, t\u00eb veprave t\u00eb reja dhe prezantime nd\u00ebrkomb\u00ebtare. Programi p\u00ebrb\u00ebhet nga vepra t\u00eb oper\u00ebs dhe baletit, t\u00eb cilat paraqiten vet\u00ebm n\u00eb sken\u00ebn e Oper\u00ebs dhe Baletit Komb\u00ebtar, e cila mund\u00ebson sposorizime t\u00eb r\u00ebnd\u00ebsishme vjetore n\u00eb pjes\u00eb dhe hap\u00ebsira t\u00eb dukshme, duke p\u00ebrfshir\u00eb edhe tituj t\u00eb popullarizuar (kjo ofert\u00eb rregullohet me marr\u00ebveshje plot\u00ebsuese).<\/p>\n<p><strong>Festival\/e<\/strong><\/p>\n<p>Festivali nd\u00ebrkomb\u00ebtar artistik \u201cMbr\u00ebmjet e oper\u00ebs s\u00eb majit\u201d shfryt\u00ebzohet si platform\u00eb p\u00ebr prezantimin e t\u00eb arriturave n\u00eb k\u00ebt\u00eb sken\u00eb-muzikore t\u00eb ofert\u00ebs n\u00eb kuad\u00ebr t\u00eb korniz\u00ebs bot\u00ebrore. Festivali ofron paraqitje intensive t\u00eb segmenteve t\u00eb specializuara t\u00eb tregut nga oferta e sponsorit korporativ dhe p\u00ebrfshirje n\u00eb hap\u00ebsir\u00eb t\u00eb madhe t\u00eb marketingut (kjo ofert\u00eb rregullohet me marr\u00ebveshje plot\u00ebsuese).<\/p>\n<p><strong>Ngjarje speciale dhe gala mbr\u00ebmje<\/strong><\/p>\n<p>Gala ngjarjet (koncerte solistike, vokale e instrumentale), interpretime nga p\u00ebrb\u00ebrja e plot\u00eb e orkestr\u00ebs dhe korit t\u00eb OBK, por edhe me p\u00ebrb\u00ebrjeve m\u00eb t\u00eb vogla kamertale. Natyrisht, zgjedhja varet edhe nga oferta programore e OBK. \u201cGala koncerti tradicional me rastin e fest\u00ebs s\u00eb Sh\u00ebn Vasilit\u201d, e cila p\u00ebr \u00e7do vjet mbahet m\u00eb 12 janar \u00ebsht\u00eb nj\u00eb rast i mir\u00eb q\u00eb t\u00ebrheq mbulim t\u00eb madh medial dhe interesim t\u00eb publiku ((kjo ofert\u00eb rregullohet me marr\u00ebveshje plot\u00ebsuese).<\/p>\n<p><strong>P\u00ebrfitimet nga sponsorizimi<\/strong><\/p>\n<p>Sponsori i OBK t\u00eb drejtat dhe p\u00ebrfitimet mund t\u2019i ket\u00eb sipas shkall\u00ebs s\u00eb p\u00ebrkrahjes. N\u00eb jemi m\u00eb shum\u00eb se t\u00eb lumtur t\u00eb punojm\u00eb me \u00e7do sponsor, me q\u00ebllim q\u00eb n\u00eb m\u00ebnyr\u00eb p\u00ebrkat\u00ebse t\u00eb zhvillohet paketa sponsorizuese me q\u00ebllimet e tuaja afariste.<\/p>\n<p><strong>Vizibiliteti<\/strong><\/p>\n<p>-Kategoria e ekskluzivitetit n\u00eb rrethimin shoq\u00ebror<br \/>\n-P\u00ebrfshirja n\u00eb kampanjat mediave dhe reklamuese, me logo<br \/>\n-Shfryt\u00ebzimi i logos dhe njohja e tij aty p\u00ebr aty<\/p>\n<p>-Shfryt\u00ebzimi i logos me link deri te faqja korporatave e veb faqes t\u00eb OBK<\/p>\n<p><strong>Mikpritja<\/strong><\/p>\n<p>-Bileta fals p\u00ebr ngjarje t\u00eb sponsorizuara<br \/>\n-Ftes\u00eb p\u00ebr premiera ekskluzive dhe ngjarje tjera t\u00eb ve\u00e7anta, mbr\u00ebmje me artist\u00eb<br \/>\n-Mund\u00ebsia t\u00eb b\u00ebhet nikoqir i ngjarjes s\u00eb tij korporatave, duke e shfryt\u00ebzuar hap\u00ebsir\u00ebn e OBK<\/p>\n<p><strong>Leht\u00ebsime tatimore<\/strong><\/p>\n<p>Opera dhe Baleti Komb\u00ebtar \u00ebsht\u00eb institucion publik, veprimtaria e t\u00eb cilit ka karakter publik n\u00eb l\u00ebmin e kultur\u00ebs. P\u00ebr \u00e7do p\u00ebrkrahje korporatave, pason leht\u00ebsim tatimor p\u00ebr sponsorin, edhe at\u00eb n\u00eb tatimin e fitimit, me \u00e7\u2019rast vlera e sponsorizimit n\u00eb vitin rrjedh\u00ebs, sipas dispozitave t\u00eb Ligjit p\u00ebr sponsorizim dhe donacione, i pranohet si shpenzim n\u00eb bilancin tatimor n\u00eb lart\u00eb prej 3 p\u00ebr qind nga t\u00eb ardhurat e p\u00ebrgjithshme.<\/p>\n","protected":false},"excerpt":{"rendered":"<p>P\u00cbRKRAHJA KORPORATAVE: MUND\u00cbSI P\u00cbR SPONSORIZIM Opera dhe Baleti Komb\u00ebtare ofron nj\u00eb program t\u00eb gjer\u00eb p\u00ebr sponsor\u00ebt korporativ, duke p\u00ebrfshir\u00eb sponsorizim p\u00ebr t\u00ebr\u00eb sezonin, sponsorizim afatshkurt\u00ebr p\u00ebr festivale ose produksione individuale. Jan\u00eb t\u00eb hapura mund\u00ebsi t\u00eb ndryshme p\u00ebrmes niveleve t\u00eb ndryshme t\u00eb sponsorizimit. T\u00eb pun\u00ebsuarit n\u00eb k\u00ebt\u00eb institucion me k\u00ebnaq\u00ebsia do t\u00eb punojn\u00eb me Ju p\u00ebr [&hellip;]<\/p>\n","protected":false},"author":1,"featured_media":0,"parent":0,"menu_order":0,"comment_status":"closed","ping_status":"closed","template":"","meta":{"footnotes":""},"yoast_head":"<!-- This site is optimized with the Yoast SEO plugin v24.0 - https:\/\/yoast.com\/wordpress\/plugins\/seo\/ -->\n<title>SH\u00cbRBIME - Opera dhe Baleti Nacional<\/title>\n<meta name=\"robots\" content=\"index, follow, max-snippet:-1, max-image-preview:large, max-video-preview:-1\" \/>\n<link rel=\"canonical\" href=\"https:\/\/operabalet.mk\/al\/sherbime\/\" \/>\n<meta property=\"og:locale\" content=\"en_GB\" \/>\n<meta property=\"og:type\" content=\"article\" \/>\n<meta property=\"og:title\" content=\"SH\u00cbRBIME - Opera dhe Baleti Nacional\" \/>\n<meta property=\"og:description\" content=\"P\u00cbRKRAHJA KORPORATAVE: MUND\u00cbSI P\u00cbR SPONSORIZIM Opera dhe Baleti Komb\u00ebtare ofron nj\u00eb program t\u00eb gjer\u00eb p\u00ebr sponsor\u00ebt korporativ, duke p\u00ebrfshir\u00eb sponsorizim p\u00ebr t\u00ebr\u00eb sezonin, sponsorizim afatshkurt\u00ebr p\u00ebr festivale ose produksione individuale. Jan\u00eb t\u00eb hapura mund\u00ebsi t\u00eb ndryshme p\u00ebrmes niveleve t\u00eb ndryshme t\u00eb sponsorizimit. T\u00eb pun\u00ebsuarit n\u00eb k\u00ebt\u00eb institucion me k\u00ebnaq\u00ebsia do t\u00eb punojn\u00eb me Ju p\u00ebr [&hellip;]\" \/>\n<meta property=\"og:url\" content=\"https:\/\/operabalet.mk\/al\/sherbime\/\" \/>\n<meta property=\"og:site_name\" content=\"Opera dhe Baleti Nacional\" \/>\n<meta property=\"article:publisher\" content=\"https:\/\/www.facebook.com\/NacionalnaOperaiBalet\" \/>\n<meta property=\"article:modified_time\" content=\"2021-02-01T12:20:25+00:00\" \/>\n<meta name=\"twitter:card\" content=\"summary_large_image\" \/>\n<meta name=\"twitter:site\" content=\"@MakOperaiBalet\" \/>\n<meta name=\"twitter:label1\" content=\"Est. reading time\" \/>\n\t<meta name=\"twitter:data1\" content=\"3 minutes\" \/>\n<script type=\"application\/ld+json\" class=\"yoast-schema-graph\">{\"@context\":\"https:\/\/schema.org\",\"@graph\":[{\"@type\":\"WebPage\",\"@id\":\"https:\/\/operabalet.mk\/al\/sherbime\/\",\"url\":\"https:\/\/operabalet.mk\/al\/sherbime\/\",\"name\":\"SH\u00cbRBIME - Opera dhe Baleti Nacional\",\"isPartOf\":{\"@id\":\"https:\/\/operabalet.mk\/al\/#website\"},\"datePublished\":\"2016-03-24T22:53:21+00:00\",\"dateModified\":\"2021-02-01T12:20:25+00:00\",\"breadcrumb\":{\"@id\":\"https:\/\/operabalet.mk\/al\/sherbime\/#breadcrumb\"},\"inLanguage\":\"en-GB\",\"potentialAction\":[{\"@type\":\"ReadAction\",\"target\":[\"https:\/\/operabalet.mk\/al\/sherbime\/\"]}]},{\"@type\":\"BreadcrumbList\",\"@id\":\"https:\/\/operabalet.mk\/al\/sherbime\/#breadcrumb\",\"itemListElement\":[{\"@type\":\"ListItem\",\"position\":1,\"name\":\"Home\",\"item\":\"https:\/\/operabalet.mk\/al\/\"},{\"@type\":\"ListItem\",\"position\":2,\"name\":\"SH\u00cbRBIME\"}]},{\"@type\":\"WebSite\",\"@id\":\"https:\/\/operabalet.mk\/al\/#website\",\"url\":\"https:\/\/operabalet.mk\/al\/\",\"name\":\"Opera dhe Baleti Nacional\",\"description\":\"\",\"publisher\":{\"@id\":\"https:\/\/operabalet.mk\/al\/#organization\"},\"potentialAction\":[{\"@type\":\"SearchAction\",\"target\":{\"@type\":\"EntryPoint\",\"urlTemplate\":\"https:\/\/operabalet.mk\/al\/?s={search_term_string}\"},\"query-input\":{\"@type\":\"PropertyValueSpecification\",\"valueRequired\":true,\"valueName\":\"search_term_string\"}}],\"inLanguage\":\"en-GB\"},{\"@type\":\"Organization\",\"@id\":\"https:\/\/operabalet.mk\/al\/#organization\",\"name\":\"Opera dhe Baleti Nacional\",\"url\":\"https:\/\/operabalet.mk\/al\/\",\"logo\":{\"@type\":\"ImageObject\",\"inLanguage\":\"en-GB\",\"@id\":\"https:\/\/operabalet.mk\/al\/#\/schema\/logo\/image\/\",\"url\":\"https:\/\/operabalet.mk\/al\/wp-content\/uploads\/sites\/3\/2016\/03\/alBlack.png\",\"contentUrl\":\"https:\/\/operabalet.mk\/al\/wp-content\/uploads\/sites\/3\/2016\/03\/alBlack.png\",\"width\":1270,\"height\":697,\"caption\":\"Opera dhe Baleti Nacional\"},\"image\":{\"@id\":\"https:\/\/operabalet.mk\/al\/#\/schema\/logo\/image\/\"},\"sameAs\":[\"https:\/\/www.facebook.com\/NacionalnaOperaiBalet\",\"https:\/\/x.com\/MakOperaiBalet\"]}]}<\/script>\n<!-- \/ Yoast SEO plugin. -->","yoast_head_json":{"title":"SH\u00cbRBIME - Opera dhe Baleti Nacional","robots":{"index":"index","follow":"follow","max-snippet":"max-snippet:-1","max-image-preview":"max-image-preview:large","max-video-preview":"max-video-preview:-1"},"canonical":"https:\/\/operabalet.mk\/al\/sherbime\/","og_locale":"en_GB","og_type":"article","og_title":"SH\u00cbRBIME - Opera dhe Baleti Nacional","og_description":"P\u00cbRKRAHJA KORPORATAVE: MUND\u00cbSI P\u00cbR SPONSORIZIM Opera dhe Baleti Komb\u00ebtare ofron nj\u00eb program t\u00eb gjer\u00eb p\u00ebr sponsor\u00ebt korporativ, duke p\u00ebrfshir\u00eb sponsorizim p\u00ebr t\u00ebr\u00eb sezonin, sponsorizim afatshkurt\u00ebr p\u00ebr festivale ose produksione individuale. Jan\u00eb t\u00eb hapura mund\u00ebsi t\u00eb ndryshme p\u00ebrmes niveleve t\u00eb ndryshme t\u00eb sponsorizimit. T\u00eb pun\u00ebsuarit n\u00eb k\u00ebt\u00eb institucion me k\u00ebnaq\u00ebsia do t\u00eb punojn\u00eb me Ju p\u00ebr [&hellip;]","og_url":"https:\/\/operabalet.mk\/al\/sherbime\/","og_site_name":"Opera dhe Baleti Nacional","article_publisher":"https:\/\/www.facebook.com\/NacionalnaOperaiBalet","article_modified_time":"2021-02-01T12:20:25+00:00","twitter_card":"summary_large_image","twitter_site":"@MakOperaiBalet","twitter_misc":{"Est. reading time":"3 minutes"},"schema":{"@context":"https:\/\/schema.org","@graph":[{"@type":"WebPage","@id":"https:\/\/operabalet.mk\/al\/sherbime\/","url":"https:\/\/operabalet.mk\/al\/sherbime\/","name":"SH\u00cbRBIME - Opera dhe Baleti Nacional","isPartOf":{"@id":"https:\/\/operabalet.mk\/al\/#website"},"datePublished":"2016-03-24T22:53:21+00:00","dateModified":"2021-02-01T12:20:25+00:00","breadcrumb":{"@id":"https:\/\/operabalet.mk\/al\/sherbime\/#breadcrumb"},"inLanguage":"en-GB","potentialAction":[{"@type":"ReadAction","target":["https:\/\/operabalet.mk\/al\/sherbime\/"]}]},{"@type":"BreadcrumbList","@id":"https:\/\/operabalet.mk\/al\/sherbime\/#breadcrumb","itemListElement":[{"@type":"ListItem","position":1,"name":"Home","item":"https:\/\/operabalet.mk\/al\/"},{"@type":"ListItem","position":2,"name":"SH\u00cbRBIME"}]},{"@type":"WebSite","@id":"https:\/\/operabalet.mk\/al\/#website","url":"https:\/\/operabalet.mk\/al\/","name":"Opera dhe Baleti Nacional","description":"","publisher":{"@id":"https:\/\/operabalet.mk\/al\/#organization"},"potentialAction":[{"@type":"SearchAction","target":{"@type":"EntryPoint","urlTemplate":"https:\/\/operabalet.mk\/al\/?s={search_term_string}"},"query-input":{"@type":"PropertyValueSpecification","valueRequired":true,"valueName":"search_term_string"}}],"inLanguage":"en-GB"},{"@type":"Organization","@id":"https:\/\/operabalet.mk\/al\/#organization","name":"Opera dhe Baleti Nacional","url":"https:\/\/operabalet.mk\/al\/","logo":{"@type":"ImageObject","inLanguage":"en-GB","@id":"https:\/\/operabalet.mk\/al\/#\/schema\/logo\/image\/","url":"https:\/\/operabalet.mk\/al\/wp-content\/uploads\/sites\/3\/2016\/03\/alBlack.png","contentUrl":"https:\/\/operabalet.mk\/al\/wp-content\/uploads\/sites\/3\/2016\/03\/alBlack.png","width":1270,"height":697,"caption":"Opera dhe Baleti Nacional"},"image":{"@id":"https:\/\/operabalet.mk\/al\/#\/schema\/logo\/image\/"},"sameAs":["https:\/\/www.facebook.com\/NacionalnaOperaiBalet","https:\/\/x.com\/MakOperaiBalet"]}]}},"_links":{"self":[{"href":"https:\/\/operabalet.mk\/al\/wp-json\/wp\/v2\/pages\/43"}],"collection":[{"href":"https:\/\/operabalet.mk\/al\/wp-json\/wp\/v2\/pages"}],"about":[{"href":"https:\/\/operabalet.mk\/al\/wp-json\/wp\/v2\/types\/page"}],"author":[{"embeddable":true,"href":"https:\/\/operabalet.mk\/al\/wp-json\/wp\/v2\/users\/1"}],"replies":[{"embeddable":true,"href":"https:\/\/operabalet.mk\/al\/wp-json\/wp\/v2\/comments?post=43"}],"version-history":[{"count":2,"href":"https:\/\/operabalet.mk\/al\/wp-json\/wp\/v2\/pages\/43\/revisions"}],"predecessor-version":[{"id":380,"href":"https:\/\/operabalet.mk\/al\/wp-json\/wp\/v2\/pages\/43\/revisions\/380"}],"wp:attachment":[{"href":"https:\/\/operabalet.mk\/al\/wp-json\/wp\/v2\/media?parent=43"}],"curies":[{"name":"wp","href":"https:\/\/api.w.org\/{rel}","templated":true}]}}