{"id":53,"date":"2016-03-24T22:56:42","date_gmt":"2016-03-24T22:56:42","guid":{"rendered":"http:\/\/mob.mk\/al\/?page_id=53"},"modified":"2022-01-04T12:12:15","modified_gmt":"2022-01-04T12:12:15","slug":"na-kontaktoni","status":"publish","type":"page","link":"https:\/\/operabalet.mk\/al\/na-kontaktoni\/","title":{"rendered":"NA KONTAKTONI"},"content":{"rendered":"<p style=\"text-align: center;\"><strong>Adresa<\/strong><br \/>\n<strong> Opera dhe Baleti Komb\u00ebtar<\/strong><br \/>\n<strong> Bul. Goce Dell\u00e7ev, nr. 4<\/strong><br \/>\n<strong> 1000 Shkup<\/strong><br \/>\n<strong> Republika e Maqedonis\u00eb s\u00eb Veriut<\/strong><\/p>\n<p style=\"text-align: center;\"><strong>Kontakt<\/strong><\/p>\n<p style=\"text-align: center;\">Drejtoria:+389 (02) 3114908 direkcija@mob.com.mk<br \/>\nDrejtoria artistike \u2013 Opera: +389(02) 3114691 opera@mob.com.mk<br \/>\nDrejtoria artistike \u2013 Baleti: +389 (02) 3115101 ba\u00e7et@mob.com.mk<br \/>\nTeknika skenike: +389 (02) 3222652 scenska@mob.com.mk<br \/>\nMarketing: +389 (02) 3109828 \/\u00a0+38975332376 marketing@mob.com.mk<br \/>\nShitja e organizuar: +389 (02) 3109828 marketing@mob.com.mk<br \/>\nBiletaria: +389 (02) 3118451\/ +38978426536 biletara@mob.com.mk<br \/>\nFinancat: +389 (02) 3212104<br \/>\nAdministrata: +389 (02) 3114511<br \/>\nRecepsioni i Oper\u00ebs dhe Baletit Komb\u00ebtar: +389 76350695<\/p>\n<p style=\"text-align: center;\">N\u00ebse d\u00ebshironi ta p\u00ebrcillni ndonj\u00eb shfaqje t\u00eb oper\u00ebs apo baletit, t\u00eb merrni informacion plot\u00ebsues ose orarin e shfaqjeve, Ju lutemi kontaktoni biletarin\u00eb e OBK<\/p>\n<p style=\"text-align: center;\">Orari i pun\u00ebs: Nga e h\u00ebna deri t\u00eb shtun\u00ebn prej or\u00ebs 10.00 \u2013 20.00 dhe t\u00eb diel\u00ebn dhe gjat\u00eb festave prej or\u00ebs 10.00 \u2013 20.00, n\u00ebse \u00ebsht\u00eb caktuar ngjarje\/shfaqje n\u00eb dit\u00ebn e nj\u00ebjt\u00eb.<\/p>\n<p style=\"text-align: center;\">N\u00eb mesazhet q\u00eb do t\u00eb arrijn\u00eb me an\u00ebn t\u00eb e-mailit, do t\u00eb mundohemi sa m\u00eb shpejt\u00eb t\u2019ju p\u00ebrgjigjemi, e h\u00ebn\u00eb \u2013 e premte. Ju lutemi ta kontaktoni biletarin\u00eb e OBK n\u00eb +389 (02) 3118 451 dhe +389 78 426 536 p\u00ebr pyetjet lidhur me rezervimin Tuaj t\u00eb biletave ose drejtohuni p\u00ebrmes e-mailit: biletara@mob.com.mk<\/p>\n","protected":false},"excerpt":{"rendered":"<p>Adresa Opera dhe Baleti Komb\u00ebtar Bul. Goce Dell\u00e7ev, nr. 4 1000 Shkup Republika e Maqedonis\u00eb s\u00eb Veriut Kontakt Drejtoria:+389 (02) 3114908 direkcija@mob.com.mk Drejtoria artistike \u2013 Opera: +389(02) 3114691 opera@mob.com.mk Drejtoria artistike \u2013 Baleti: +389 (02) 3115101 ba\u00e7et@mob.com.mk Teknika skenike: +389 (02) 3222652 scenska@mob.com.mk Marketing: +389 (02) 3109828 \/\u00a0+38975332376 marketing@mob.com.mk Shitja e organizuar: +389 (02) 3109828 [&hellip;]<\/p>\n","protected":false},"author":1,"featured_media":0,"parent":0,"menu_order":0,"comment_status":"closed","ping_status":"closed","template":"","meta":{"footnotes":""},"yoast_head":"<!-- This site is optimized with the Yoast SEO plugin v24.0 - https:\/\/yoast.com\/wordpress\/plugins\/seo\/ -->\n<title>NA KONTAKTONI - Opera dhe Baleti Nacional<\/title>\n<meta name=\"robots\" content=\"index, follow, max-snippet:-1, max-image-preview:large, max-video-preview:-1\" \/>\n<link rel=\"canonical\" href=\"https:\/\/operabalet.mk\/al\/na-kontaktoni\/\" \/>\n<meta property=\"og:locale\" content=\"en_GB\" \/>\n<meta property=\"og:type\" content=\"article\" \/>\n<meta property=\"og:title\" content=\"NA KONTAKTONI - Opera dhe Baleti Nacional\" \/>\n<meta property=\"og:description\" content=\"Adresa Opera dhe Baleti Komb\u00ebtar Bul. Goce Dell\u00e7ev, nr. 4 1000 Shkup Republika e Maqedonis\u00eb s\u00eb Veriut Kontakt Drejtoria:+389 (02) 3114908 direkcija@mob.com.mk Drejtoria artistike \u2013 Opera: +389(02) 3114691 opera@mob.com.mk Drejtoria artistike \u2013 Baleti: +389 (02) 3115101 ba\u00e7et@mob.com.mk Teknika skenike: +389 (02) 3222652 scenska@mob.com.mk Marketing: +389 (02) 3109828 \/\u00a0+38975332376 marketing@mob.com.mk Shitja e organizuar: +389 (02) 3109828 [&hellip;]\" \/>\n<meta property=\"og:url\" content=\"https:\/\/operabalet.mk\/al\/na-kontaktoni\/\" \/>\n<meta property=\"og:site_name\" content=\"Opera dhe Baleti Nacional\" \/>\n<meta property=\"article:publisher\" content=\"https:\/\/www.facebook.com\/NacionalnaOperaiBalet\" \/>\n<meta property=\"article:modified_time\" content=\"2022-01-04T12:12:15+00:00\" \/>\n<meta name=\"twitter:card\" content=\"summary_large_image\" \/>\n<meta name=\"twitter:site\" content=\"@MakOperaiBalet\" \/>\n<meta name=\"twitter:label1\" content=\"Est. reading time\" \/>\n\t<meta name=\"twitter:data1\" content=\"1 minute\" \/>\n<script type=\"application\/ld+json\" class=\"yoast-schema-graph\">{\"@context\":\"https:\/\/schema.org\",\"@graph\":[{\"@type\":\"WebPage\",\"@id\":\"https:\/\/operabalet.mk\/al\/na-kontaktoni\/\",\"url\":\"https:\/\/operabalet.mk\/al\/na-kontaktoni\/\",\"name\":\"NA KONTAKTONI - Opera dhe Baleti Nacional\",\"isPartOf\":{\"@id\":\"https:\/\/operabalet.mk\/al\/#website\"},\"datePublished\":\"2016-03-24T22:56:42+00:00\",\"dateModified\":\"2022-01-04T12:12:15+00:00\",\"breadcrumb\":{\"@id\":\"https:\/\/operabalet.mk\/al\/na-kontaktoni\/#breadcrumb\"},\"inLanguage\":\"en-GB\",\"potentialAction\":[{\"@type\":\"ReadAction\",\"target\":[\"https:\/\/operabalet.mk\/al\/na-kontaktoni\/\"]}]},{\"@type\":\"BreadcrumbList\",\"@id\":\"https:\/\/operabalet.mk\/al\/na-kontaktoni\/#breadcrumb\",\"itemListElement\":[{\"@type\":\"ListItem\",\"position\":1,\"name\":\"Home\",\"item\":\"https:\/\/operabalet.mk\/al\/\"},{\"@type\":\"ListItem\",\"position\":2,\"name\":\"NA KONTAKTONI\"}]},{\"@type\":\"WebSite\",\"@id\":\"https:\/\/operabalet.mk\/al\/#website\",\"url\":\"https:\/\/operabalet.mk\/al\/\",\"name\":\"Opera dhe Baleti Nacional\",\"description\":\"\",\"publisher\":{\"@id\":\"https:\/\/operabalet.mk\/al\/#organization\"},\"potentialAction\":[{\"@type\":\"SearchAction\",\"target\":{\"@type\":\"EntryPoint\",\"urlTemplate\":\"https:\/\/operabalet.mk\/al\/?s={search_term_string}\"},\"query-input\":{\"@type\":\"PropertyValueSpecification\",\"valueRequired\":true,\"valueName\":\"search_term_string\"}}],\"inLanguage\":\"en-GB\"},{\"@type\":\"Organization\",\"@id\":\"https:\/\/operabalet.mk\/al\/#organization\",\"name\":\"Opera dhe Baleti Nacional\",\"url\":\"https:\/\/operabalet.mk\/al\/\",\"logo\":{\"@type\":\"ImageObject\",\"inLanguage\":\"en-GB\",\"@id\":\"https:\/\/operabalet.mk\/al\/#\/schema\/logo\/image\/\",\"url\":\"https:\/\/operabalet.mk\/al\/wp-content\/uploads\/sites\/3\/2016\/03\/alBlack.png\",\"contentUrl\":\"https:\/\/operabalet.mk\/al\/wp-content\/uploads\/sites\/3\/2016\/03\/alBlack.png\",\"width\":1270,\"height\":697,\"caption\":\"Opera dhe Baleti Nacional\"},\"image\":{\"@id\":\"https:\/\/operabalet.mk\/al\/#\/schema\/logo\/image\/\"},\"sameAs\":[\"https:\/\/www.facebook.com\/NacionalnaOperaiBalet\",\"https:\/\/x.com\/MakOperaiBalet\"]}]}<\/script>\n<!-- \/ Yoast SEO plugin. -->","yoast_head_json":{"title":"NA KONTAKTONI - Opera dhe Baleti Nacional","robots":{"index":"index","follow":"follow","max-snippet":"max-snippet:-1","max-image-preview":"max-image-preview:large","max-video-preview":"max-video-preview:-1"},"canonical":"https:\/\/operabalet.mk\/al\/na-kontaktoni\/","og_locale":"en_GB","og_type":"article","og_title":"NA KONTAKTONI - Opera dhe Baleti Nacional","og_description":"Adresa Opera dhe Baleti Komb\u00ebtar Bul. Goce Dell\u00e7ev, nr. 4 1000 Shkup Republika e Maqedonis\u00eb s\u00eb Veriut Kontakt Drejtoria:+389 (02) 3114908 direkcija@mob.com.mk Drejtoria artistike \u2013 Opera: +389(02) 3114691 opera@mob.com.mk Drejtoria artistike \u2013 Baleti: +389 (02) 3115101 ba\u00e7et@mob.com.mk Teknika skenike: +389 (02) 3222652 scenska@mob.com.mk Marketing: +389 (02) 3109828 \/\u00a0+38975332376 marketing@mob.com.mk Shitja e organizuar: +389 (02) 3109828 [&hellip;]","og_url":"https:\/\/operabalet.mk\/al\/na-kontaktoni\/","og_site_name":"Opera dhe Baleti Nacional","article_publisher":"https:\/\/www.facebook.com\/NacionalnaOperaiBalet","article_modified_time":"2022-01-04T12:12:15+00:00","twitter_card":"summary_large_image","twitter_site":"@MakOperaiBalet","twitter_misc":{"Est. reading time":"1 minute"},"schema":{"@context":"https:\/\/schema.org","@graph":[{"@type":"WebPage","@id":"https:\/\/operabalet.mk\/al\/na-kontaktoni\/","url":"https:\/\/operabalet.mk\/al\/na-kontaktoni\/","name":"NA KONTAKTONI - Opera dhe Baleti Nacional","isPartOf":{"@id":"https:\/\/operabalet.mk\/al\/#website"},"datePublished":"2016-03-24T22:56:42+00:00","dateModified":"2022-01-04T12:12:15+00:00","breadcrumb":{"@id":"https:\/\/operabalet.mk\/al\/na-kontaktoni\/#breadcrumb"},"inLanguage":"en-GB","potentialAction":[{"@type":"ReadAction","target":["https:\/\/operabalet.mk\/al\/na-kontaktoni\/"]}]},{"@type":"BreadcrumbList","@id":"https:\/\/operabalet.mk\/al\/na-kontaktoni\/#breadcrumb","itemListElement":[{"@type":"ListItem","position":1,"name":"Home","item":"https:\/\/operabalet.mk\/al\/"},{"@type":"ListItem","position":2,"name":"NA KONTAKTONI"}]},{"@type":"WebSite","@id":"https:\/\/operabalet.mk\/al\/#website","url":"https:\/\/operabalet.mk\/al\/","name":"Opera dhe Baleti Nacional","description":"","publisher":{"@id":"https:\/\/operabalet.mk\/al\/#organization"},"potentialAction":[{"@type":"SearchAction","target":{"@type":"EntryPoint","urlTemplate":"https:\/\/operabalet.mk\/al\/?s={search_term_string}"},"query-input":{"@type":"PropertyValueSpecification","valueRequired":true,"valueName":"search_term_string"}}],"inLanguage":"en-GB"},{"@type":"Organization","@id":"https:\/\/operabalet.mk\/al\/#organization","name":"Opera dhe Baleti Nacional","url":"https:\/\/operabalet.mk\/al\/","logo":{"@type":"ImageObject","inLanguage":"en-GB","@id":"https:\/\/operabalet.mk\/al\/#\/schema\/logo\/image\/","url":"https:\/\/operabalet.mk\/al\/wp-content\/uploads\/sites\/3\/2016\/03\/alBlack.png","contentUrl":"https:\/\/operabalet.mk\/al\/wp-content\/uploads\/sites\/3\/2016\/03\/alBlack.png","width":1270,"height":697,"caption":"Opera dhe Baleti Nacional"},"image":{"@id":"https:\/\/operabalet.mk\/al\/#\/schema\/logo\/image\/"},"sameAs":["https:\/\/www.facebook.com\/NacionalnaOperaiBalet","https:\/\/x.com\/MakOperaiBalet"]}]}},"_links":{"self":[{"href":"https:\/\/operabalet.mk\/al\/wp-json\/wp\/v2\/pages\/53"}],"collection":[{"href":"https:\/\/operabalet.mk\/al\/wp-json\/wp\/v2\/pages"}],"about":[{"href":"https:\/\/operabalet.mk\/al\/wp-json\/wp\/v2\/types\/page"}],"author":[{"embeddable":true,"href":"https:\/\/operabalet.mk\/al\/wp-json\/wp\/v2\/users\/1"}],"replies":[{"embeddable":true,"href":"https:\/\/operabalet.mk\/al\/wp-json\/wp\/v2\/comments?post=53"}],"version-history":[{"count":4,"href":"https:\/\/operabalet.mk\/al\/wp-json\/wp\/v2\/pages\/53\/revisions"}],"predecessor-version":[{"id":461,"href":"https:\/\/operabalet.mk\/al\/wp-json\/wp\/v2\/pages\/53\/revisions\/461"}],"wp:attachment":[{"href":"https:\/\/operabalet.mk\/al\/wp-json\/wp\/v2\/media?parent=53"}],"curies":[{"name":"wp","href":"https:\/\/api.w.org\/{rel}","templated":true}]}}