{"id":55,"date":"2016-03-24T22:58:13","date_gmt":"2016-03-24T22:58:13","guid":{"rendered":"http:\/\/mob.mk\/al\/?page_id=55"},"modified":"2025-12-11T11:23:28","modified_gmt":"2025-12-11T11:23:28","slug":"info-rreth-sektoreve","status":"publish","type":"page","link":"https:\/\/operabalet.mk\/al\/info-rreth-sektoreve\/","title":{"rendered":"INFO RRETH SEKTOR\u00cbVE"},"content":{"rendered":"<p>Info sipas sektor\u00ebve:<\/p>\n<p>Drejtor : <b>Oliver Arsovski<\/b><br \/>\nUdh\u00ebheq\u00ebs artistik i Oper\u00ebs: <strong>mr. Dejan Stoev<\/strong><br \/>\nUdh\u00ebheq\u00ebs artistik i Baletit:<strong> mr. Marija Ki\u00e7evska Shokarovska<\/strong><br \/>\nUdh\u00ebheq\u00ebs i teknik\u00ebs skenike: <strong>Goran Ko\u00e7ishki<\/strong><br \/>\nUdh\u00ebheq\u00ebs i programit: <strong>mr.<\/strong>\u00a0<strong>Evica Taseska Karanfilova<\/strong><br \/>\nUdh\u00ebheq\u00ebs i Marketingut: <strong>mr. <\/strong><strong>Burhan Dibrani<\/strong><\/p>\n<p>&nbsp;<\/p>\n<p><strong>Sektor\u00eb:<\/strong><br \/>\nDrejtoria e drejtorit<br \/>\nDrejtoria artistike e Oper\u00ebs<br \/>\nDrejtoria artistike e Baletit<br \/>\nSektori i sh\u00ebrbimeve t\u00eb p\u00ebrbashk\u00ebta<\/p>\n<p>-Nj\u00ebsia p\u00ebr \u00e7\u00ebshtje materiale-financiare<br \/>\n-Nj\u00ebsia p\u00ebr \u00e7\u00ebshtje kadrovike juridike<br \/>\n-Nj\u00ebsia p\u00ebr marketing dhe bibliotek\u00eb<\/p>\n<p>Sektori i sken\u00ebs teknike<\/p>\n<p>-Sektori skenik<br \/>\n-Nj\u00ebsia p\u00ebr dekorim<br \/>\n-Nj\u00ebsia p\u00ebr rekuizita<br \/>\nNj\u00ebsia p\u00ebr mir\u00ebmbajtje teknike dhe manipulim t\u00eb sken\u00ebs<br \/>\nNj\u00ebsia p\u00ebr dritat dhe z\u00ebrin<\/p>\n<p>Sektori p\u00ebr p\u00ebrpunimin e p\u00ebrgatitjes skenike<\/p>\n<p>-Nj\u00ebsia p\u00ebr piktur\u00eb<br \/>\n-Nj\u00ebsia e pun\u00ebs me dru<br \/>\n-Nj\u00ebsia e pun\u00ebs me hekurit<br \/>\n-Nj\u00ebsia p\u00ebr tapet\u00eb<\/p>\n<p>Sektori p\u00ebr kostumet<\/p>\n<p>-Nj\u00ebsia e rrobaqep\u00ebsis\u00eb<br \/>\n-Nj\u00ebsia e kapelave<br \/>\n-Nj\u00ebsia e k\u00ebpuc\u00ebtar\u00ebve<br \/>\n-Nj\u00ebsia p\u00ebr paruke dhe maskim<br \/>\n-Nj\u00ebsia p\u00ebr mir\u00ebmbajtje dhe fotografim t\u00eb kostumeve<br \/>\nNj\u00ebsia e gard\u00ebrob\u00ebs p\u00ebr kostume<\/p>\n<p>Sektori kund\u00ebr zjarrit, mbrojtjes dhe siguri<\/p>\n<p>-Nj\u00ebsia p\u00ebr mir\u00ebmbajtje t\u00eb p\u00ebrgjithshme<br \/>\n-Nj\u00ebsia kund\u00ebr zjarrit, mbrojtjes dhe siguri<\/p>\n","protected":false},"excerpt":{"rendered":"<p>Info sipas sektor\u00ebve: Drejtor : Oliver Arsovski Udh\u00ebheq\u00ebs artistik i Oper\u00ebs: mr. Dejan Stoev Udh\u00ebheq\u00ebs artistik i Baletit: mr. Marija Ki\u00e7evska Shokarovska Udh\u00ebheq\u00ebs i teknik\u00ebs skenike: Goran Ko\u00e7ishki Udh\u00ebheq\u00ebs i programit: mr.\u00a0Evica Taseska Karanfilova Udh\u00ebheq\u00ebs i Marketingut: mr. Burhan Dibrani &nbsp; Sektor\u00eb: Drejtoria e drejtorit Drejtoria artistike e Oper\u00ebs Drejtoria artistike e Baletit Sektori i [&hellip;]<\/p>\n","protected":false},"author":1,"featured_media":0,"parent":0,"menu_order":0,"comment_status":"closed","ping_status":"closed","template":"","meta":{"footnotes":""},"yoast_head":"<!-- This site is optimized with the Yoast SEO plugin v24.0 - https:\/\/yoast.com\/wordpress\/plugins\/seo\/ -->\n<title>INFO RRETH SEKTOR\u00cbVE - Opera dhe Baleti Nacional<\/title>\n<meta name=\"robots\" content=\"index, follow, max-snippet:-1, max-image-preview:large, max-video-preview:-1\" \/>\n<link rel=\"canonical\" href=\"https:\/\/operabalet.mk\/al\/info-rreth-sektoreve\/\" \/>\n<meta property=\"og:locale\" content=\"en_GB\" \/>\n<meta property=\"og:type\" content=\"article\" \/>\n<meta property=\"og:title\" content=\"INFO RRETH SEKTOR\u00cbVE - Opera dhe Baleti Nacional\" \/>\n<meta property=\"og:description\" content=\"Info sipas sektor\u00ebve: Drejtor : Oliver Arsovski Udh\u00ebheq\u00ebs artistik i Oper\u00ebs: mr. Dejan Stoev Udh\u00ebheq\u00ebs artistik i Baletit: mr. Marija Ki\u00e7evska Shokarovska Udh\u00ebheq\u00ebs i teknik\u00ebs skenike: Goran Ko\u00e7ishki Udh\u00ebheq\u00ebs i programit: mr.\u00a0Evica Taseska Karanfilova Udh\u00ebheq\u00ebs i Marketingut: mr. Burhan Dibrani &nbsp; Sektor\u00eb: Drejtoria e drejtorit Drejtoria artistike e Oper\u00ebs Drejtoria artistike e Baletit Sektori i [&hellip;]\" \/>\n<meta property=\"og:url\" content=\"https:\/\/operabalet.mk\/al\/info-rreth-sektoreve\/\" \/>\n<meta property=\"og:site_name\" content=\"Opera dhe Baleti Nacional\" \/>\n<meta property=\"article:publisher\" content=\"https:\/\/www.facebook.com\/NacionalnaOperaiBalet\" \/>\n<meta property=\"article:modified_time\" content=\"2025-12-11T11:23:28+00:00\" \/>\n<meta name=\"twitter:card\" content=\"summary_large_image\" \/>\n<meta name=\"twitter:site\" content=\"@MakOperaiBalet\" \/>\n<meta name=\"twitter:label1\" content=\"Est. reading time\" \/>\n\t<meta name=\"twitter:data1\" content=\"1 minute\" \/>\n<script type=\"application\/ld+json\" class=\"yoast-schema-graph\">{\"@context\":\"https:\/\/schema.org\",\"@graph\":[{\"@type\":\"WebPage\",\"@id\":\"https:\/\/operabalet.mk\/al\/info-rreth-sektoreve\/\",\"url\":\"https:\/\/operabalet.mk\/al\/info-rreth-sektoreve\/\",\"name\":\"INFO RRETH SEKTOR\u00cbVE - Opera dhe Baleti Nacional\",\"isPartOf\":{\"@id\":\"https:\/\/operabalet.mk\/al\/#website\"},\"datePublished\":\"2016-03-24T22:58:13+00:00\",\"dateModified\":\"2025-12-11T11:23:28+00:00\",\"breadcrumb\":{\"@id\":\"https:\/\/operabalet.mk\/al\/info-rreth-sektoreve\/#breadcrumb\"},\"inLanguage\":\"en-GB\",\"potentialAction\":[{\"@type\":\"ReadAction\",\"target\":[\"https:\/\/operabalet.mk\/al\/info-rreth-sektoreve\/\"]}]},{\"@type\":\"BreadcrumbList\",\"@id\":\"https:\/\/operabalet.mk\/al\/info-rreth-sektoreve\/#breadcrumb\",\"itemListElement\":[{\"@type\":\"ListItem\",\"position\":1,\"name\":\"Home\",\"item\":\"https:\/\/operabalet.mk\/al\/\"},{\"@type\":\"ListItem\",\"position\":2,\"name\":\"INFO RRETH SEKTOR\u00cbVE\"}]},{\"@type\":\"WebSite\",\"@id\":\"https:\/\/operabalet.mk\/al\/#website\",\"url\":\"https:\/\/operabalet.mk\/al\/\",\"name\":\"Opera dhe Baleti Nacional\",\"description\":\"\",\"publisher\":{\"@id\":\"https:\/\/operabalet.mk\/al\/#organization\"},\"potentialAction\":[{\"@type\":\"SearchAction\",\"target\":{\"@type\":\"EntryPoint\",\"urlTemplate\":\"https:\/\/operabalet.mk\/al\/?s={search_term_string}\"},\"query-input\":{\"@type\":\"PropertyValueSpecification\",\"valueRequired\":true,\"valueName\":\"search_term_string\"}}],\"inLanguage\":\"en-GB\"},{\"@type\":\"Organization\",\"@id\":\"https:\/\/operabalet.mk\/al\/#organization\",\"name\":\"Opera dhe Baleti Nacional\",\"url\":\"https:\/\/operabalet.mk\/al\/\",\"logo\":{\"@type\":\"ImageObject\",\"inLanguage\":\"en-GB\",\"@id\":\"https:\/\/operabalet.mk\/al\/#\/schema\/logo\/image\/\",\"url\":\"https:\/\/operabalet.mk\/al\/wp-content\/uploads\/sites\/3\/2016\/03\/alBlack.png\",\"contentUrl\":\"https:\/\/operabalet.mk\/al\/wp-content\/uploads\/sites\/3\/2016\/03\/alBlack.png\",\"width\":1270,\"height\":697,\"caption\":\"Opera dhe Baleti Nacional\"},\"image\":{\"@id\":\"https:\/\/operabalet.mk\/al\/#\/schema\/logo\/image\/\"},\"sameAs\":[\"https:\/\/www.facebook.com\/NacionalnaOperaiBalet\",\"https:\/\/x.com\/MakOperaiBalet\"]}]}<\/script>\n<!-- \/ Yoast SEO plugin. -->","yoast_head_json":{"title":"INFO RRETH SEKTOR\u00cbVE - Opera dhe Baleti Nacional","robots":{"index":"index","follow":"follow","max-snippet":"max-snippet:-1","max-image-preview":"max-image-preview:large","max-video-preview":"max-video-preview:-1"},"canonical":"https:\/\/operabalet.mk\/al\/info-rreth-sektoreve\/","og_locale":"en_GB","og_type":"article","og_title":"INFO RRETH SEKTOR\u00cbVE - Opera dhe Baleti Nacional","og_description":"Info sipas sektor\u00ebve: Drejtor : Oliver Arsovski Udh\u00ebheq\u00ebs artistik i Oper\u00ebs: mr. Dejan Stoev Udh\u00ebheq\u00ebs artistik i Baletit: mr. Marija Ki\u00e7evska Shokarovska Udh\u00ebheq\u00ebs i teknik\u00ebs skenike: Goran Ko\u00e7ishki Udh\u00ebheq\u00ebs i programit: mr.\u00a0Evica Taseska Karanfilova Udh\u00ebheq\u00ebs i Marketingut: mr. Burhan Dibrani &nbsp; Sektor\u00eb: Drejtoria e drejtorit Drejtoria artistike e Oper\u00ebs Drejtoria artistike e Baletit Sektori i [&hellip;]","og_url":"https:\/\/operabalet.mk\/al\/info-rreth-sektoreve\/","og_site_name":"Opera dhe Baleti Nacional","article_publisher":"https:\/\/www.facebook.com\/NacionalnaOperaiBalet","article_modified_time":"2025-12-11T11:23:28+00:00","twitter_card":"summary_large_image","twitter_site":"@MakOperaiBalet","twitter_misc":{"Est. reading time":"1 minute"},"schema":{"@context":"https:\/\/schema.org","@graph":[{"@type":"WebPage","@id":"https:\/\/operabalet.mk\/al\/info-rreth-sektoreve\/","url":"https:\/\/operabalet.mk\/al\/info-rreth-sektoreve\/","name":"INFO RRETH SEKTOR\u00cbVE - Opera dhe Baleti Nacional","isPartOf":{"@id":"https:\/\/operabalet.mk\/al\/#website"},"datePublished":"2016-03-24T22:58:13+00:00","dateModified":"2025-12-11T11:23:28+00:00","breadcrumb":{"@id":"https:\/\/operabalet.mk\/al\/info-rreth-sektoreve\/#breadcrumb"},"inLanguage":"en-GB","potentialAction":[{"@type":"ReadAction","target":["https:\/\/operabalet.mk\/al\/info-rreth-sektoreve\/"]}]},{"@type":"BreadcrumbList","@id":"https:\/\/operabalet.mk\/al\/info-rreth-sektoreve\/#breadcrumb","itemListElement":[{"@type":"ListItem","position":1,"name":"Home","item":"https:\/\/operabalet.mk\/al\/"},{"@type":"ListItem","position":2,"name":"INFO RRETH SEKTOR\u00cbVE"}]},{"@type":"WebSite","@id":"https:\/\/operabalet.mk\/al\/#website","url":"https:\/\/operabalet.mk\/al\/","name":"Opera dhe Baleti Nacional","description":"","publisher":{"@id":"https:\/\/operabalet.mk\/al\/#organization"},"potentialAction":[{"@type":"SearchAction","target":{"@type":"EntryPoint","urlTemplate":"https:\/\/operabalet.mk\/al\/?s={search_term_string}"},"query-input":{"@type":"PropertyValueSpecification","valueRequired":true,"valueName":"search_term_string"}}],"inLanguage":"en-GB"},{"@type":"Organization","@id":"https:\/\/operabalet.mk\/al\/#organization","name":"Opera dhe Baleti Nacional","url":"https:\/\/operabalet.mk\/al\/","logo":{"@type":"ImageObject","inLanguage":"en-GB","@id":"https:\/\/operabalet.mk\/al\/#\/schema\/logo\/image\/","url":"https:\/\/operabalet.mk\/al\/wp-content\/uploads\/sites\/3\/2016\/03\/alBlack.png","contentUrl":"https:\/\/operabalet.mk\/al\/wp-content\/uploads\/sites\/3\/2016\/03\/alBlack.png","width":1270,"height":697,"caption":"Opera dhe Baleti Nacional"},"image":{"@id":"https:\/\/operabalet.mk\/al\/#\/schema\/logo\/image\/"},"sameAs":["https:\/\/www.facebook.com\/NacionalnaOperaiBalet","https:\/\/x.com\/MakOperaiBalet"]}]}},"_links":{"self":[{"href":"https:\/\/operabalet.mk\/al\/wp-json\/wp\/v2\/pages\/55"}],"collection":[{"href":"https:\/\/operabalet.mk\/al\/wp-json\/wp\/v2\/pages"}],"about":[{"href":"https:\/\/operabalet.mk\/al\/wp-json\/wp\/v2\/types\/page"}],"author":[{"embeddable":true,"href":"https:\/\/operabalet.mk\/al\/wp-json\/wp\/v2\/users\/1"}],"replies":[{"embeddable":true,"href":"https:\/\/operabalet.mk\/al\/wp-json\/wp\/v2\/comments?post=55"}],"version-history":[{"count":18,"href":"https:\/\/operabalet.mk\/al\/wp-json\/wp\/v2\/pages\/55\/revisions"}],"predecessor-version":[{"id":1010,"href":"https:\/\/operabalet.mk\/al\/wp-json\/wp\/v2\/pages\/55\/revisions\/1010"}],"wp:attachment":[{"href":"https:\/\/operabalet.mk\/al\/wp-json\/wp\/v2\/media?parent=55"}],"curies":[{"name":"wp","href":"https:\/\/api.w.org\/{rel}","templated":true}]}}